{"id":3152,"date":"2022-05-09T12:49:20","date_gmt":"2022-05-09T11:49:20","guid":{"rendered":"https:\/\/www.gxfs.eu\/?page_id=3152"},"modified":"2023-09-27T14:19:30","modified_gmt":"2023-09-27T13:19:30","slug":"spezifikationen","status":"publish","type":"page","link":"https:\/\/www.gxfs.eu\/de\/spezifikationen\/","title":{"rendered":"Spezifikationen"},"content":{"rendered":"\n<p>Auf der Seite &#8222;<a href=\"https:\/\/www.gxfs.eu\/de\/spezifikationsphase-1\/\"><strong>Spezifikationsphase 1<\/strong><\/a>&#8220; erhalten Sie eine \u00dcbersicht s\u00e4mtlicher, technischer Spezifikationen, die im Fr\u00fchjahr 2021 ausgearbeitet und in einer EU-weiten Ausschreibung vergeben wurden. Im Dezember 2021 wurden die erfolgreichen Bieter ver\u00f6ffentlicht, die eine erste Reihe von F\u00f6derationsdiensten implementierten und somit eine Open-Source-Referenzimplementierung von GXFS erm\u00f6glicht haben.<\/p>\n\n\n\n<p>Auf der Seite &#8222;<a href=\"https:\/\/www.gxfs.eu\/de\/spezifikationsphase-2\/\"><strong>Spezifikationsphase 2<\/strong><\/a>&#8220; erhalten Sie detaillierte Informationen \u00fcber weitere, technische Spezifikationen und die derzeitige EU-weite Ausschreibung. <\/p>\n\n\n\n<p>Eine \u00dcbersicht \u00fcber die einzelnen Services und ihre Funktionen erhalten Sie kompakt auf zwei Seiten <a href=\"https:\/\/www.gxfs.eu\/download\/6343\/\" target=\"_blank\" rel=\"noreferrer noopener\"><strong>hier<\/strong><\/a>.<\/p>\n\n\n\n<div style=\"height:49px\" aria-hidden=\"true\" class=\"wp-block-spacer\"><\/div>\n","protected":false},"excerpt":{"rendered":"<p>Auf der Seite &#8222;Spezifikationsphase 1&#8220; erhalten Sie eine \u00dcbersicht s\u00e4mtlicher, technischer Spezifikationen, die im Fr\u00fchjahr 2021 ausgearbeitet und in einer EU-weiten Ausschreibung vergeben wurden. Im Dezember 2021 wurden die erfolgreichen Bieter ver\u00f6ffentlicht, die eine erste Reihe von F\u00f6derationsdiensten implementierten und somit eine Open-Source-Referenzimplementierung von GXFS erm\u00f6glicht haben. Auf der Seite&#8230;<a class=\"gxfs-loop-button\" href=\"https:\/\/www.gxfs.eu\/de\/spezifikationen\/\">Weiterlesen<\/a><\/p>\n","protected":false},"author":4,"featured_media":0,"parent":0,"menu_order":0,"comment_status":"closed","ping_status":"closed","template":"","meta":{"inline_featured_image":false,"footnotes":""},"class_list":["post-3152","page","type-page","status-publish","hentry"],"yoast_head":"<!-- This site is optimized with the Yoast SEO plugin v27.3 - https:\/\/yoast.com\/product\/yoast-seo-wordpress\/ -->\n<title>Spezifikationen - GXFS.eu<\/title>\n<meta name=\"robots\" content=\"index, follow, max-snippet:-1, max-image-preview:large, max-video-preview:-1\" \/>\n<link rel=\"canonical\" href=\"https:\/\/www.gxfs.eu\/de\/spezifikationen\/\" \/>\n<meta property=\"og:locale\" content=\"de_DE\" \/>\n<meta property=\"og:type\" content=\"article\" \/>\n<meta property=\"og:title\" content=\"Spezifikationen - GXFS.eu\" \/>\n<meta property=\"og:description\" content=\"Auf der Seite &#8222;Spezifikationsphase 1&#8220; erhalten Sie eine \u00dcbersicht s\u00e4mtlicher, technischer Spezifikationen, die im Fr\u00fchjahr 2021 ausgearbeitet und in einer EU-weiten Ausschreibung vergeben wurden. Im Dezember 2021 wurden die erfolgreichen Bieter ver\u00f6ffentlicht, die eine erste Reihe von F\u00f6derationsdiensten implementierten und somit eine Open-Source-Referenzimplementierung von GXFS erm\u00f6glicht haben. Auf der Seite...Weiterlesen\" \/>\n<meta property=\"og:url\" content=\"https:\/\/www.gxfs.eu\/de\/spezifikationen\/\" \/>\n<meta property=\"og:site_name\" content=\"GXFS.eu\" \/>\n<meta property=\"article:modified_time\" content=\"2023-09-27T13:19:30+00:00\" \/>\n<meta name=\"twitter:card\" content=\"summary_large_image\" \/>\n<meta name=\"twitter:label1\" content=\"Gesch\u00e4tzte Lesezeit\" \/>\n\t<meta name=\"twitter:data1\" content=\"1\u00a0Minute\" \/>\n<script type=\"application\/ld+json\" class=\"yoast-schema-graph\">{\"@context\":\"https:\\\/\\\/schema.org\",\"@graph\":[{\"@type\":\"WebPage\",\"@id\":\"https:\\\/\\\/www.gxfs.eu\\\/de\\\/spezifikationen\\\/\",\"url\":\"https:\\\/\\\/www.gxfs.eu\\\/de\\\/spezifikationen\\\/\",\"name\":\"Spezifikationen - GXFS.eu\",\"isPartOf\":{\"@id\":\"https:\\\/\\\/www.gxfs.eu\\\/#website\"},\"datePublished\":\"2022-05-09T11:49:20+00:00\",\"dateModified\":\"2023-09-27T13:19:30+00:00\",\"breadcrumb\":{\"@id\":\"https:\\\/\\\/www.gxfs.eu\\\/de\\\/spezifikationen\\\/#breadcrumb\"},\"inLanguage\":\"de\",\"potentialAction\":[{\"@type\":\"ReadAction\",\"target\":[\"https:\\\/\\\/www.gxfs.eu\\\/de\\\/spezifikationen\\\/\"]}]},{\"@type\":\"BreadcrumbList\",\"@id\":\"https:\\\/\\\/www.gxfs.eu\\\/de\\\/spezifikationen\\\/#breadcrumb\",\"itemListElement\":[{\"@type\":\"ListItem\",\"position\":1,\"name\":\"Home\",\"item\":\"https:\\\/\\\/www.gxfs.eu\\\/de\\\/\"},{\"@type\":\"ListItem\",\"position\":2,\"name\":\"Spezifikationen\"}]},{\"@type\":\"WebSite\",\"@id\":\"https:\\\/\\\/www.gxfs.eu\\\/#website\",\"url\":\"https:\\\/\\\/www.gxfs.eu\\\/\",\"name\":\"GXFS.eu\",\"description\":\"Gaia-X Federation Services\",\"publisher\":{\"@id\":\"https:\\\/\\\/www.gxfs.eu\\\/#organization\"},\"potentialAction\":[{\"@type\":\"SearchAction\",\"target\":{\"@type\":\"EntryPoint\",\"urlTemplate\":\"https:\\\/\\\/www.gxfs.eu\\\/?s={search_term_string}\"},\"query-input\":{\"@type\":\"PropertyValueSpecification\",\"valueRequired\":true,\"valueName\":\"search_term_string\"}}],\"inLanguage\":\"de\"},{\"@type\":\"Organization\",\"@id\":\"https:\\\/\\\/www.gxfs.eu\\\/#organization\",\"name\":\"GXFS.eu\",\"url\":\"https:\\\/\\\/www.gxfs.eu\\\/\",\"logo\":{\"@type\":\"ImageObject\",\"inLanguage\":\"de\",\"@id\":\"https:\\\/\\\/www.gxfs.eu\\\/#\\\/schema\\\/logo\\\/image\\\/\",\"url\":\"https:\\\/\\\/www.gxfs.eu\\\/wp-content\\\/uploads\\\/2022\\\/01\\\/GFXS_DE_Logo.jpg\",\"contentUrl\":\"https:\\\/\\\/www.gxfs.eu\\\/wp-content\\\/uploads\\\/2022\\\/01\\\/GFXS_DE_Logo.jpg\",\"width\":700,\"height\":309,\"caption\":\"GXFS.eu\"},\"image\":{\"@id\":\"https:\\\/\\\/www.gxfs.eu\\\/#\\\/schema\\\/logo\\\/image\\\/\"}}]}<\/script>\n<!-- \/ Yoast SEO plugin. -->","yoast_head_json":{"title":"Spezifikationen - GXFS.eu","robots":{"index":"index","follow":"follow","max-snippet":"max-snippet:-1","max-image-preview":"max-image-preview:large","max-video-preview":"max-video-preview:-1"},"canonical":"https:\/\/www.gxfs.eu\/de\/spezifikationen\/","og_locale":"de_DE","og_type":"article","og_title":"Spezifikationen - GXFS.eu","og_description":"Auf der Seite &#8222;Spezifikationsphase 1&#8220; erhalten Sie eine \u00dcbersicht s\u00e4mtlicher, technischer Spezifikationen, die im Fr\u00fchjahr 2021 ausgearbeitet und in einer EU-weiten Ausschreibung vergeben wurden. Im Dezember 2021 wurden die erfolgreichen Bieter ver\u00f6ffentlicht, die eine erste Reihe von F\u00f6derationsdiensten implementierten und somit eine Open-Source-Referenzimplementierung von GXFS erm\u00f6glicht haben. Auf der Seite...Weiterlesen","og_url":"https:\/\/www.gxfs.eu\/de\/spezifikationen\/","og_site_name":"GXFS.eu","article_modified_time":"2023-09-27T13:19:30+00:00","twitter_card":"summary_large_image","twitter_misc":{"Gesch\u00e4tzte Lesezeit":"1\u00a0Minute"},"schema":{"@context":"https:\/\/schema.org","@graph":[{"@type":"WebPage","@id":"https:\/\/www.gxfs.eu\/de\/spezifikationen\/","url":"https:\/\/www.gxfs.eu\/de\/spezifikationen\/","name":"Spezifikationen - GXFS.eu","isPartOf":{"@id":"https:\/\/www.gxfs.eu\/#website"},"datePublished":"2022-05-09T11:49:20+00:00","dateModified":"2023-09-27T13:19:30+00:00","breadcrumb":{"@id":"https:\/\/www.gxfs.eu\/de\/spezifikationen\/#breadcrumb"},"inLanguage":"de","potentialAction":[{"@type":"ReadAction","target":["https:\/\/www.gxfs.eu\/de\/spezifikationen\/"]}]},{"@type":"BreadcrumbList","@id":"https:\/\/www.gxfs.eu\/de\/spezifikationen\/#breadcrumb","itemListElement":[{"@type":"ListItem","position":1,"name":"Home","item":"https:\/\/www.gxfs.eu\/de\/"},{"@type":"ListItem","position":2,"name":"Spezifikationen"}]},{"@type":"WebSite","@id":"https:\/\/www.gxfs.eu\/#website","url":"https:\/\/www.gxfs.eu\/","name":"GXFS.eu","description":"Gaia-X Federation Services","publisher":{"@id":"https:\/\/www.gxfs.eu\/#organization"},"potentialAction":[{"@type":"SearchAction","target":{"@type":"EntryPoint","urlTemplate":"https:\/\/www.gxfs.eu\/?s={search_term_string}"},"query-input":{"@type":"PropertyValueSpecification","valueRequired":true,"valueName":"search_term_string"}}],"inLanguage":"de"},{"@type":"Organization","@id":"https:\/\/www.gxfs.eu\/#organization","name":"GXFS.eu","url":"https:\/\/www.gxfs.eu\/","logo":{"@type":"ImageObject","inLanguage":"de","@id":"https:\/\/www.gxfs.eu\/#\/schema\/logo\/image\/","url":"https:\/\/www.gxfs.eu\/wp-content\/uploads\/2022\/01\/GFXS_DE_Logo.jpg","contentUrl":"https:\/\/www.gxfs.eu\/wp-content\/uploads\/2022\/01\/GFXS_DE_Logo.jpg","width":700,"height":309,"caption":"GXFS.eu"},"image":{"@id":"https:\/\/www.gxfs.eu\/#\/schema\/logo\/image\/"}}]}},"_links":{"self":[{"href":"https:\/\/www.gxfs.eu\/de\/wp-json\/wp\/v2\/pages\/3152","targetHints":{"allow":["GET"]}}],"collection":[{"href":"https:\/\/www.gxfs.eu\/de\/wp-json\/wp\/v2\/pages"}],"about":[{"href":"https:\/\/www.gxfs.eu\/de\/wp-json\/wp\/v2\/types\/page"}],"author":[{"embeddable":true,"href":"https:\/\/www.gxfs.eu\/de\/wp-json\/wp\/v2\/users\/4"}],"replies":[{"embeddable":true,"href":"https:\/\/www.gxfs.eu\/de\/wp-json\/wp\/v2\/comments?post=3152"}],"version-history":[{"count":65,"href":"https:\/\/www.gxfs.eu\/de\/wp-json\/wp\/v2\/pages\/3152\/revisions"}],"predecessor-version":[{"id":10127,"href":"https:\/\/www.gxfs.eu\/de\/wp-json\/wp\/v2\/pages\/3152\/revisions\/10127"}],"wp:attachment":[{"href":"https:\/\/www.gxfs.eu\/de\/wp-json\/wp\/v2\/media?parent=3152"}],"curies":[{"name":"wp","href":"https:\/\/api.w.org\/{rel}","templated":true}]}}