{"id":2137,"date":"2022-02-07T10:11:11","date_gmt":"2022-02-07T10:11:11","guid":{"rendered":"https:\/\/www.gxfs.eu\/?page_id=2137"},"modified":"2022-12-06T10:56:08","modified_gmt":"2022-12-06T09:56:08","slug":"beglaubigungsmanager-fuer-organisationen","status":"publish","type":"page","link":"https:\/\/www.gxfs.eu\/de\/beglaubigungsmanager-fuer-organisationen\/","title":{"rendered":"Beglaubigungsmanager f\u00fcr Organisationen"},"content":{"rendered":"\n<p>Der Dienst &#8222;Beglaubigungsmanager f\u00fcr Organisationen&#8220; schafft Vertrauen zwischen den verschiedenen Teilnehmern innerhalb des dezentralen Gaia-X \u00d6kosystems. Er umfasst alle vertrauensrelevanten Funktionen, die erforderlich sind, um Gaia-X Selbstbeschreibungen im W3C Verifiable Credential Format zu verwalten und anzubieten. Um dieses Ziel zu erreichen, werden Komponenten ben\u00f6tigt, die zum einen die Verwaltung von Assets und Teilnehmern f\u00fcr die Erstellung von Signaturen f\u00fcr verschiedene Eigenschaften, Attribute und Dokumente erm\u00f6glichen und zum anderen die Verifizierung von externen Dokumenten erm\u00f6glichen. Dazu geh\u00f6ren:<\/p>\n\n\n\n<ul class=\"wp-block-list\">\n<li>die Erstellung von verifizierbaren Beglaubigungen mit einer entsprechenden digitalen Signatur auf der Grundlage einer Identit\u00e4t,<\/li>\n\n\n\n<li>das Ausstellen von verifizierbaren Pr\u00e4sentationen auf der Basis vorhandener und bereits erhaltener verifizierbarer Beglaubigungen,<\/li>\n\n\n\n<li>das Anfordern von verifizierbaren Beglaubigungen von Dritten, z.B. f\u00fcr die Bescheinigung eigener Attribute,<\/li>\n\n\n\n<li>sowie die Validierung von eingehenden Verbindungsanfragen und Nachweisanfragen.<\/li>\n<\/ul>\n\n\n\n<p>Das f\u00fcr die Kommunikation verwendete Format basiert auf den im Hyperledger Indy-Kontext beschriebenen RFCs und den Standards von W3C und DIF, um einen einheitlichen Prozessablauf und Austauschformate zu gew\u00e4hrleisten. Daher erm\u00f6glicht der &#8222;Beglaubigungsmanager f\u00fcr Organisationen&#8220; es Teilnehmern dank des SSI-basierten \u00d6kosystem auf vertrauensw\u00fcrdige und sichere Weise zu interagieren.<\/p>\n\n\n\n<p>Der &#8222;Beglaubigungsmanager f\u00fcr Organisationen&#8220; nutzt andere Komponenten wie die GXFS Vertrauensdienste und bietet die Grundlage f\u00fcr viele der von der GXFS Notarisierungs-Komponente ben\u00f6tigten Funktionen.<\/p>\n\n\n\n<div class=\"wp-block-buttons is-layout-flex wp-block-buttons-is-layout-flex\">\n<div class=\"wp-block-button\"><a class=\"wp-block-button__link has-purple-background-color has-background wp-element-button\" href=\"https:\/\/www.gxfs.eu\/download\/1746\/\" style=\"border-radius:0px\" target=\"_blank\" rel=\"noreferrer noopener\">Dokument downloaden<\/a><\/div>\n\n\n\n<div class=\"wp-block-button\"><a class=\"wp-block-button__link has-dark-blue-background-color has-background wp-element-button\" href=\"https:\/\/www.gxfs.eu\/de\/spezifikationen\/\" style=\"border-radius:0px\">Zur\u00fcck zur \u00dcbersicht<\/a><\/div>\n<\/div>\n","protected":false},"excerpt":{"rendered":"<p>Der Dienst &#8222;Beglaubigungsmanager f\u00fcr Organisationen&#8220; schafft Vertrauen zwischen den verschiedenen Teilnehmern innerhalb des dezentralen Gaia-X \u00d6kosystems. Er umfasst alle vertrauensrelevanten Funktionen, die erforderlich sind, um Gaia-X Selbstbeschreibungen im W3C Verifiable Credential Format zu verwalten und anzubieten. Um dieses Ziel zu erreichen, werden Komponenten ben\u00f6tigt, die zum einen die Verwaltung von&#8230;<a class=\"gxfs-loop-button\" href=\"https:\/\/www.gxfs.eu\/de\/beglaubigungsmanager-fuer-organisationen\/\">Weiterlesen<\/a><\/p>\n","protected":false},"author":7,"featured_media":0,"parent":0,"menu_order":0,"comment_status":"closed","ping_status":"closed","template":"","meta":{"inline_featured_image":false,"footnotes":""},"class_list":["post-2137","page","type-page","status-publish","hentry"],"yoast_head":"<!-- This site is optimized with the Yoast SEO plugin v27.5 - https:\/\/yoast.com\/product\/yoast-seo-wordpress\/ -->\n<title>Beglaubigungsmanager f\u00fcr Organisationen - GXFS.eu<\/title>\n<meta name=\"robots\" content=\"index, follow, max-snippet:-1, max-image-preview:large, max-video-preview:-1\" \/>\n<link rel=\"canonical\" href=\"https:\/\/www.gxfs.eu\/de\/beglaubigungsmanager-fuer-organisationen\/\" \/>\n<meta property=\"og:locale\" content=\"de_DE\" \/>\n<meta property=\"og:type\" content=\"article\" \/>\n<meta property=\"og:title\" content=\"Beglaubigungsmanager f\u00fcr Organisationen - GXFS.eu\" \/>\n<meta property=\"og:description\" content=\"Der Dienst &#8222;Beglaubigungsmanager f\u00fcr Organisationen&#8220; schafft Vertrauen zwischen den verschiedenen Teilnehmern innerhalb des dezentralen Gaia-X \u00d6kosystems. Er umfasst alle vertrauensrelevanten Funktionen, die erforderlich sind, um Gaia-X Selbstbeschreibungen im W3C Verifiable Credential Format zu verwalten und anzubieten. Um dieses Ziel zu erreichen, werden Komponenten ben\u00f6tigt, die zum einen die Verwaltung von...Weiterlesen\" \/>\n<meta property=\"og:url\" content=\"https:\/\/www.gxfs.eu\/de\/beglaubigungsmanager-fuer-organisationen\/\" \/>\n<meta property=\"og:site_name\" content=\"GXFS.eu\" \/>\n<meta property=\"article:modified_time\" content=\"2022-12-06T09:56:08+00:00\" \/>\n<meta name=\"twitter:card\" content=\"summary_large_image\" \/>\n<meta name=\"twitter:label1\" content=\"Gesch\u00e4tzte Lesezeit\" \/>\n\t<meta name=\"twitter:data1\" content=\"1\u00a0Minute\" \/>\n<script type=\"application\/ld+json\" class=\"yoast-schema-graph\">{\"@context\":\"https:\\\/\\\/schema.org\",\"@graph\":[{\"@type\":\"WebPage\",\"@id\":\"https:\\\/\\\/www.gxfs.eu\\\/de\\\/beglaubigungsmanager-fuer-organisationen\\\/\",\"url\":\"https:\\\/\\\/www.gxfs.eu\\\/de\\\/beglaubigungsmanager-fuer-organisationen\\\/\",\"name\":\"Beglaubigungsmanager f\u00fcr Organisationen - GXFS.eu\",\"isPartOf\":{\"@id\":\"https:\\\/\\\/www.gxfs.eu\\\/#website\"},\"datePublished\":\"2022-02-07T10:11:11+00:00\",\"dateModified\":\"2022-12-06T09:56:08+00:00\",\"breadcrumb\":{\"@id\":\"https:\\\/\\\/www.gxfs.eu\\\/de\\\/beglaubigungsmanager-fuer-organisationen\\\/#breadcrumb\"},\"inLanguage\":\"de\",\"potentialAction\":[{\"@type\":\"ReadAction\",\"target\":[\"https:\\\/\\\/www.gxfs.eu\\\/de\\\/beglaubigungsmanager-fuer-organisationen\\\/\"]}]},{\"@type\":\"BreadcrumbList\",\"@id\":\"https:\\\/\\\/www.gxfs.eu\\\/de\\\/beglaubigungsmanager-fuer-organisationen\\\/#breadcrumb\",\"itemListElement\":[{\"@type\":\"ListItem\",\"position\":1,\"name\":\"Home\",\"item\":\"https:\\\/\\\/www.gxfs.eu\\\/de\\\/\"},{\"@type\":\"ListItem\",\"position\":2,\"name\":\"Beglaubigungsmanager f\u00fcr Organisationen\"}]},{\"@type\":\"WebSite\",\"@id\":\"https:\\\/\\\/www.gxfs.eu\\\/#website\",\"url\":\"https:\\\/\\\/www.gxfs.eu\\\/\",\"name\":\"GXFS.eu\",\"description\":\"Gaia-X Federation Services\",\"publisher\":{\"@id\":\"https:\\\/\\\/www.gxfs.eu\\\/#organization\"},\"potentialAction\":[{\"@type\":\"SearchAction\",\"target\":{\"@type\":\"EntryPoint\",\"urlTemplate\":\"https:\\\/\\\/www.gxfs.eu\\\/?s={search_term_string}\"},\"query-input\":{\"@type\":\"PropertyValueSpecification\",\"valueRequired\":true,\"valueName\":\"search_term_string\"}}],\"inLanguage\":\"de\"},{\"@type\":\"Organization\",\"@id\":\"https:\\\/\\\/www.gxfs.eu\\\/#organization\",\"name\":\"GXFS.eu\",\"url\":\"https:\\\/\\\/www.gxfs.eu\\\/\",\"logo\":{\"@type\":\"ImageObject\",\"inLanguage\":\"de\",\"@id\":\"https:\\\/\\\/www.gxfs.eu\\\/#\\\/schema\\\/logo\\\/image\\\/\",\"url\":\"https:\\\/\\\/www.gxfs.eu\\\/wp-content\\\/uploads\\\/2022\\\/01\\\/GFXS_DE_Logo.jpg\",\"contentUrl\":\"https:\\\/\\\/www.gxfs.eu\\\/wp-content\\\/uploads\\\/2022\\\/01\\\/GFXS_DE_Logo.jpg\",\"width\":700,\"height\":309,\"caption\":\"GXFS.eu\"},\"image\":{\"@id\":\"https:\\\/\\\/www.gxfs.eu\\\/#\\\/schema\\\/logo\\\/image\\\/\"}}]}<\/script>\n<!-- \/ Yoast SEO plugin. -->","yoast_head_json":{"title":"Beglaubigungsmanager f\u00fcr Organisationen - GXFS.eu","robots":{"index":"index","follow":"follow","max-snippet":"max-snippet:-1","max-image-preview":"max-image-preview:large","max-video-preview":"max-video-preview:-1"},"canonical":"https:\/\/www.gxfs.eu\/de\/beglaubigungsmanager-fuer-organisationen\/","og_locale":"de_DE","og_type":"article","og_title":"Beglaubigungsmanager f\u00fcr Organisationen - GXFS.eu","og_description":"Der Dienst &#8222;Beglaubigungsmanager f\u00fcr Organisationen&#8220; schafft Vertrauen zwischen den verschiedenen Teilnehmern innerhalb des dezentralen Gaia-X \u00d6kosystems. Er umfasst alle vertrauensrelevanten Funktionen, die erforderlich sind, um Gaia-X Selbstbeschreibungen im W3C Verifiable Credential Format zu verwalten und anzubieten. Um dieses Ziel zu erreichen, werden Komponenten ben\u00f6tigt, die zum einen die Verwaltung von...Weiterlesen","og_url":"https:\/\/www.gxfs.eu\/de\/beglaubigungsmanager-fuer-organisationen\/","og_site_name":"GXFS.eu","article_modified_time":"2022-12-06T09:56:08+00:00","twitter_card":"summary_large_image","twitter_misc":{"Gesch\u00e4tzte Lesezeit":"1\u00a0Minute"},"schema":{"@context":"https:\/\/schema.org","@graph":[{"@type":"WebPage","@id":"https:\/\/www.gxfs.eu\/de\/beglaubigungsmanager-fuer-organisationen\/","url":"https:\/\/www.gxfs.eu\/de\/beglaubigungsmanager-fuer-organisationen\/","name":"Beglaubigungsmanager f\u00fcr Organisationen - GXFS.eu","isPartOf":{"@id":"https:\/\/www.gxfs.eu\/#website"},"datePublished":"2022-02-07T10:11:11+00:00","dateModified":"2022-12-06T09:56:08+00:00","breadcrumb":{"@id":"https:\/\/www.gxfs.eu\/de\/beglaubigungsmanager-fuer-organisationen\/#breadcrumb"},"inLanguage":"de","potentialAction":[{"@type":"ReadAction","target":["https:\/\/www.gxfs.eu\/de\/beglaubigungsmanager-fuer-organisationen\/"]}]},{"@type":"BreadcrumbList","@id":"https:\/\/www.gxfs.eu\/de\/beglaubigungsmanager-fuer-organisationen\/#breadcrumb","itemListElement":[{"@type":"ListItem","position":1,"name":"Home","item":"https:\/\/www.gxfs.eu\/de\/"},{"@type":"ListItem","position":2,"name":"Beglaubigungsmanager f\u00fcr Organisationen"}]},{"@type":"WebSite","@id":"https:\/\/www.gxfs.eu\/#website","url":"https:\/\/www.gxfs.eu\/","name":"GXFS.eu","description":"Gaia-X Federation Services","publisher":{"@id":"https:\/\/www.gxfs.eu\/#organization"},"potentialAction":[{"@type":"SearchAction","target":{"@type":"EntryPoint","urlTemplate":"https:\/\/www.gxfs.eu\/?s={search_term_string}"},"query-input":{"@type":"PropertyValueSpecification","valueRequired":true,"valueName":"search_term_string"}}],"inLanguage":"de"},{"@type":"Organization","@id":"https:\/\/www.gxfs.eu\/#organization","name":"GXFS.eu","url":"https:\/\/www.gxfs.eu\/","logo":{"@type":"ImageObject","inLanguage":"de","@id":"https:\/\/www.gxfs.eu\/#\/schema\/logo\/image\/","url":"https:\/\/www.gxfs.eu\/wp-content\/uploads\/2022\/01\/GFXS_DE_Logo.jpg","contentUrl":"https:\/\/www.gxfs.eu\/wp-content\/uploads\/2022\/01\/GFXS_DE_Logo.jpg","width":700,"height":309,"caption":"GXFS.eu"},"image":{"@id":"https:\/\/www.gxfs.eu\/#\/schema\/logo\/image\/"}}]}},"_links":{"self":[{"href":"https:\/\/www.gxfs.eu\/de\/wp-json\/wp\/v2\/pages\/2137","targetHints":{"allow":["GET"]}}],"collection":[{"href":"https:\/\/www.gxfs.eu\/de\/wp-json\/wp\/v2\/pages"}],"about":[{"href":"https:\/\/www.gxfs.eu\/de\/wp-json\/wp\/v2\/types\/page"}],"author":[{"embeddable":true,"href":"https:\/\/www.gxfs.eu\/de\/wp-json\/wp\/v2\/users\/7"}],"replies":[{"embeddable":true,"href":"https:\/\/www.gxfs.eu\/de\/wp-json\/wp\/v2\/comments?post=2137"}],"version-history":[{"count":3,"href":"https:\/\/www.gxfs.eu\/de\/wp-json\/wp\/v2\/pages\/2137\/revisions"}],"predecessor-version":[{"id":7164,"href":"https:\/\/www.gxfs.eu\/de\/wp-json\/wp\/v2\/pages\/2137\/revisions\/7164"}],"wp:attachment":[{"href":"https:\/\/www.gxfs.eu\/de\/wp-json\/wp\/v2\/media?parent=2137"}],"curies":[{"name":"wp","href":"https:\/\/api.w.org\/{rel}","templated":true}]}}