{"id":2086,"date":"2022-02-04T08:41:21","date_gmt":"2022-02-04T08:41:21","guid":{"rendered":"https:\/\/www.gxfs.eu\/?page_id=2086"},"modified":"2022-02-04T08:41:41","modified_gmt":"2022-02-04T08:41:41","slug":"gaia-x-hubs","status":"publish","type":"page","link":"https:\/\/www.gxfs.eu\/de\/gaia-x-hubs\/","title":{"rendered":"Gaia-X Hubs"},"content":{"rendered":"\n<h2 class=\"wp-block-heading\" id=\"funktion\">Funktion<\/h2>\n\n\n\n<p>Die Gaia-X Hubs erleichtern und unterst\u00fctzen die Schaffung von europ\u00e4ischen Datenr\u00e4umen. Sie sind Stellvertreter der regionalen Wirtschaft, um die Richtlinien der Strategie f\u00fcr die digitale Transformation und die Finanzierungsm\u00f6glichkeiten f\u00fcr die Umsetzung von Gaia-X-Diensten abzufangen. Hubs konzentrieren sich auf die Entwicklung von Datenr\u00e4umen, die f\u00fcr die lokale Region relevant oder spezifisch sind, und interagieren auch mit anderen Regionen, um l\u00e4nder\u00fcbergreifende Datenr\u00e4ume zu schaffen. <\/p>\n\n\n\n<p><strong>Vernetzen<\/strong><br>Die Gaia-X Hubs verntzen potenzielle Gaia-X-Akteure sowohl innerhalb eines Landes als auch \u00fcber verschiedene L\u00e4nder und Sektoren hinweg miteinander.<\/p>\n\n\n\n<p><strong>Verbreiten<\/strong><br>Gaia-X Hubs steigern das Interesse der Nutzer in ganz Europa und weltweit, um die Verbreitung von Use Cases zu erh\u00f6hen. <\/p>\n\n\n\n<p><strong>Koordinieren<\/strong><br>Die Gaia-X Hubs arbeiten eng mit dem Gaia-X Verband zusammen, um die Anforderungen, einschl\u00e4gigen Vorschriften und Strategien zu definieren.<\/p>\n\n\n\n<p><strong>Konsolidieren<\/strong><br>Die Gaia-X Hubs b\u00fcndeln einschl\u00e4gige Initiativen innerhalb der L\u00e4nder.<\/p>\n\n\n\n<p><strong>Streamlinen<\/strong><br>Die Gaia-X Hubs gew\u00e4hrleisten eine effiziente Zusammenarbeit und vermeiden unn\u00f6tige Doppelarbeit innerhalb einer bestimmten Branche.<\/p>\n\n\n\n<div class=\"wp-block-buttons is-layout-flex wp-block-buttons-is-layout-flex\">\n<div class=\"wp-block-button\"><a class=\"wp-block-button__link has-purple-background-color has-background no-border-radius\" href=\"https:\/\/gaia-x.eu\/sites\/default\/files\/2021-10\/Gaia-X_Hub2Pager_A4_20211004_V04.pdf\">Mehr Informationen<\/a><\/div>\n<\/div>\n\n\n\n<div style=\"height:100px\" aria-hidden=\"true\" class=\"wp-block-spacer\"><\/div>\n\n\n\n<h2 class=\"wp-block-heading\" id=\"ansprechpartner\">Ansprechpartner<\/h2>\n\n\n\n<div class=\"wp-block-group gxfs-columns-group is-layout-flow wp-block-group-is-layout-flow\">\n<div class=\"wp-block-columns gxfs-columns is-layout-flex wp-container-core-columns-is-layout-28f84493 wp-block-columns-is-layout-flex\">\n<div class=\"wp-block-column gxfs-column is-layout-flow wp-block-column-is-layout-flow\">\n<div class=\"wp-block-group gxfs-column-content-group gxfs-column-content-group-bg is-layout-flow wp-block-group-is-layout-flow\">\n<div class=\"wp-block-group gxfs-column-content is-layout-flow wp-block-group-is-layout-flow\">\n<h3 class=\"gxfs-column-content-title wp-block-heading\" id=\"hub-osterreich\">Hub \u00d6sterreich<\/h3>\n\n\n\n<p class=\"gxfs-column-content-p\">Horst Bratfisch<br><a href=\"mailto:horst.bratfisch@msg-plaut.com\">horst.bratfisch@msg-plaut.com<\/a> <\/p>\n<\/div>\n<\/div>\n<\/div>\n\n\n\n<div class=\"wp-block-column gxfs-column is-layout-flow wp-block-column-is-layout-flow\">\n<div class=\"wp-block-group gxfs-column-content-group gxfs-column-content-group-bg is-layout-flow wp-block-group-is-layout-flow\">\n<div class=\"wp-block-group gxfs-column-content is-layout-flow wp-block-group-is-layout-flow\">\n<h3 class=\"gxfs-column-content-title wp-block-heading\" id=\"hub-belgien\">Hub Belgien<\/h3>\n\n\n\n<p class=\"gxfs-column-content-p\">E Jelle&nbsp;Hoedemaekers<br><a href=\"mailto:jelle.hoedemaekers@agoria.be\">jelle.hoedemaekers@agoria.be<\/a> <\/p>\n<\/div>\n<\/div>\n<\/div>\n\n\n\n<div class=\"wp-block-column gxfs-column is-layout-flow wp-block-column-is-layout-flow\">\n<div class=\"wp-block-group gxfs-column-content-group gxfs-column-content-group-bg is-layout-flow wp-block-group-is-layout-flow\">\n<div class=\"wp-block-group gxfs-column-content is-layout-flow wp-block-group-is-layout-flow\">\n<h3 class=\"gxfs-column-content-title wp-block-heading\" id=\"hub-finnland\">Hub Finnland <\/h3>\n\n\n\n<p class=\"gxfs-column-content-p\">Denisa&nbsp;M\u00e4ki<br><a href=\"mailto:denisa.maki@sitra.fi\">denisa.maki@sitra.fi<\/a> <\/p>\n<\/div>\n<\/div>\n<\/div>\n<\/div>\n<\/div>\n\n\n\n<div class=\"wp-block-group gxfs-columns-group is-layout-flow wp-block-group-is-layout-flow\">\n<div class=\"wp-block-columns gxfs-columns is-layout-flex wp-container-core-columns-is-layout-28f84493 wp-block-columns-is-layout-flex\">\n<div class=\"wp-block-column gxfs-column is-layout-flow wp-block-column-is-layout-flow\">\n<div class=\"wp-block-group gxfs-column-content-group gxfs-column-content-group-bg is-layout-flow wp-block-group-is-layout-flow\">\n<div class=\"wp-block-group gxfs-column-content is-layout-flow wp-block-group-is-layout-flow\">\n<h3 class=\"gxfs-column-content-title wp-block-heading\" id=\"hub-frankreich\">Hub Frankreich<\/h3>\n\n\n\n<p class=\"gxfs-column-content-p\">Marine de&nbsp;Sury<br><a href=\"mailto:mdesury@cigref.fr\">mdesury@cigref.fr<\/a> <\/p>\n<\/div>\n<\/div>\n<\/div>\n\n\n\n<div class=\"wp-block-column gxfs-column is-layout-flow wp-block-column-is-layout-flow\">\n<div class=\"wp-block-group gxfs-column-content-group gxfs-column-content-group-bg is-layout-flow wp-block-group-is-layout-flow\">\n<div class=\"wp-block-group gxfs-column-content is-layout-flow wp-block-group-is-layout-flow\">\n<h3 class=\"gxfs-column-content-title wp-block-heading\" id=\"hub-deutschland\">Hub Deutschland<\/h3>\n\n\n\n<p class=\"gxfs-column-content-p\">Peter Kraemer<br><a href=\"mailto:kraemer@acatech.de\">kraemer@acatech.de<\/a> <\/p>\n<\/div>\n<\/div>\n<\/div>\n\n\n\n<div class=\"wp-block-column gxfs-column is-layout-flow wp-block-column-is-layout-flow\">\n<div class=\"wp-block-group gxfs-column-content-group gxfs-column-content-group-bg is-layout-flow wp-block-group-is-layout-flow\">\n<div class=\"wp-block-group gxfs-column-content is-layout-flow wp-block-group-is-layout-flow\">\n<h3 class=\"gxfs-column-content-title wp-block-heading\" id=\"hub-griechenland\">Hub Griechenland<\/h3>\n\n\n\n<p class=\"gxfs-column-content-p\">Kosmas&nbsp;Alexopoulos<br><a href=\"mailto:alexokos@lms.mech.upatras.gr\">alexokos@lms.mech.upatras.gr<\/a> <\/p>\n<\/div>\n<\/div>\n<\/div>\n<\/div>\n<\/div>\n\n\n\n<div class=\"wp-block-group gxfs-columns-group is-layout-flow wp-block-group-is-layout-flow\">\n<div class=\"wp-block-columns gxfs-columns is-layout-flex wp-container-core-columns-is-layout-28f84493 wp-block-columns-is-layout-flex\">\n<div class=\"wp-block-column gxfs-column is-layout-flow wp-block-column-is-layout-flow\">\n<div class=\"wp-block-group gxfs-column-content-group gxfs-column-content-group-bg is-layout-flow wp-block-group-is-layout-flow\">\n<div class=\"wp-block-group gxfs-column-content is-layout-flow wp-block-group-is-layout-flow\">\n<h3 class=\"gxfs-column-content-title wp-block-heading\" id=\"hub-italien\">Hub Italien <\/h3>\n\n\n\n<p class=\"gxfs-column-content-p\">Roberto&nbsp;Bedani<br><a href=\"mailto:roberto.bedani@confindustriadigitale.it\">roberto.bedani@confindustriadigitale.it<\/a> <\/p>\n<\/div>\n<\/div>\n<\/div>\n\n\n\n<div class=\"wp-block-column gxfs-column is-layout-flow wp-block-column-is-layout-flow\">\n<div class=\"wp-block-group gxfs-column-content-group gxfs-column-content-group-bg is-layout-flow wp-block-group-is-layout-flow\">\n<div class=\"wp-block-group gxfs-column-content is-layout-flow wp-block-group-is-layout-flow\">\n<h3 class=\"gxfs-column-content-title wp-block-heading\" id=\"hub-luxemburg\">Hub Luxemburg <\/h3>\n\n\n\n<p class=\"gxfs-column-content-p\">Peter&nbsp;Sodermans<br><a href=\"mailto:peter.sodermans@luxinnovation.lu\">peter.sodermans@luxinnovation.lu<\/a> <\/p>\n<\/div>\n<\/div>\n<\/div>\n\n\n\n<div class=\"wp-block-column gxfs-column is-layout-flow wp-block-column-is-layout-flow\">\n<div class=\"wp-block-group gxfs-column-content-group gxfs-column-content-group-bg is-layout-flow wp-block-group-is-layout-flow\">\n<div class=\"wp-block-group gxfs-column-content is-layout-flow wp-block-group-is-layout-flow\">\n<h3 class=\"gxfs-column-content-title wp-block-heading\" id=\"hub-niederlande\">Hub Niederlande<\/h3>\n\n\n\n<p class=\"gxfs-column-content-p\">Peter&nbsp;Verkoulen<br><a href=\"mailto:Peter.verkoulen@tno.nl\">Peter.verkoulen@tno.nl<\/a> <\/p>\n<\/div>\n<\/div>\n<\/div>\n<\/div>\n<\/div>\n\n\n\n<div class=\"wp-block-group gxfs-columns-group is-layout-flow wp-block-group-is-layout-flow\">\n<div class=\"wp-block-columns gxfs-columns is-layout-flex wp-container-core-columns-is-layout-28f84493 wp-block-columns-is-layout-flex\">\n<div class=\"wp-block-column gxfs-column is-layout-flow wp-block-column-is-layout-flow\">\n<div class=\"wp-block-group gxfs-column-content-group gxfs-column-content-group-bg is-layout-flow wp-block-group-is-layout-flow\">\n<div class=\"wp-block-group gxfs-column-content is-layout-flow wp-block-group-is-layout-flow\">\n<h3 class=\"gxfs-column-content-title wp-block-heading\" id=\"hub-polen\">Hub Polen <\/h3>\n\n\n\n<p class=\"gxfs-column-content-p\">Dariusz&nbsp;\u015apiewak<br><a href=\"mailto:Dariusz.spiewak@piit.org.pl\">Dariusz.spiewak@piit.org.pl<\/a> <\/p>\n<\/div>\n<\/div>\n<\/div>\n\n\n\n<div class=\"wp-block-column gxfs-column is-layout-flow wp-block-column-is-layout-flow\">\n<div class=\"wp-block-group gxfs-column-content-group gxfs-column-content-group-bg is-layout-flow wp-block-group-is-layout-flow\">\n<div class=\"wp-block-group gxfs-column-content is-layout-flow wp-block-group-is-layout-flow\">\n<h3 class=\"gxfs-column-content-title wp-block-heading\" id=\"hub-portugal\">Hub Portugal <\/h3>\n\n\n\n<p class=\"gxfs-column-content-p\">Vasco&nbsp;Lagarto<br><a href=\"mailto:vasco.lagarto@tice.pt\">vasco.lagarto@tice.pt<\/a> <\/p>\n<\/div>\n<\/div>\n<\/div>\n\n\n\n<div class=\"wp-block-column gxfs-column is-layout-flow wp-block-column-is-layout-flow\">\n<div class=\"wp-block-group gxfs-column-content-group gxfs-column-content-group-bg is-layout-flow wp-block-group-is-layout-flow\">\n<div class=\"wp-block-group gxfs-column-content is-layout-flow wp-block-group-is-layout-flow\">\n<h3 class=\"gxfs-column-content-title wp-block-heading\" id=\"hub-slowakei\">Hub Slowakei<\/h3>\n\n\n\n<p class=\"gxfs-column-content-p\">Martina&nbsp;Mal\u00e1kov\u00e1<br><a href=\"mailto:malakova@electric.sk\">malakova@electric.sk<\/a> <\/p>\n<\/div>\n<\/div>\n<\/div>\n<\/div>\n<\/div>\n","protected":false},"excerpt":{"rendered":"<p>Funktion Die Gaia-X Hubs erleichtern und unterst\u00fctzen die Schaffung von europ\u00e4ischen Datenr\u00e4umen. Sie sind Stellvertreter der regionalen Wirtschaft, um die Richtlinien der Strategie f\u00fcr die digitale Transformation und die Finanzierungsm\u00f6glichkeiten f\u00fcr die Umsetzung von Gaia-X-Diensten abzufangen. Hubs konzentrieren sich auf die Entwicklung von Datenr\u00e4umen, die f\u00fcr die lokale Region relevant&#8230;<a class=\"gxfs-loop-button\" href=\"https:\/\/www.gxfs.eu\/de\/gaia-x-hubs\/\">Weiterlesen<\/a><\/p>\n","protected":false},"author":7,"featured_media":0,"parent":0,"menu_order":0,"comment_status":"closed","ping_status":"closed","template":"","meta":{"inline_featured_image":false,"footnotes":""},"class_list":["post-2086","page","type-page","status-publish","hentry"],"yoast_head":"<!-- This site is optimized with the Yoast SEO plugin v27.3 - https:\/\/yoast.com\/product\/yoast-seo-wordpress\/ -->\n<title>Gaia-X Hubs - GXFS.eu<\/title>\n<meta name=\"robots\" content=\"index, follow, max-snippet:-1, max-image-preview:large, max-video-preview:-1\" \/>\n<link rel=\"canonical\" href=\"https:\/\/www.gxfs.eu\/de\/gaia-x-hubs\/\" \/>\n<meta property=\"og:locale\" content=\"de_DE\" \/>\n<meta property=\"og:type\" content=\"article\" \/>\n<meta property=\"og:title\" content=\"Gaia-X Hubs - GXFS.eu\" \/>\n<meta property=\"og:description\" content=\"Funktion Die Gaia-X Hubs erleichtern und unterst\u00fctzen die Schaffung von europ\u00e4ischen Datenr\u00e4umen. Sie sind Stellvertreter der regionalen Wirtschaft, um die Richtlinien der Strategie f\u00fcr die digitale Transformation und die Finanzierungsm\u00f6glichkeiten f\u00fcr die Umsetzung von Gaia-X-Diensten abzufangen. Hubs konzentrieren sich auf die Entwicklung von Datenr\u00e4umen, die f\u00fcr die lokale Region relevant...Weiterlesen\" \/>\n<meta property=\"og:url\" content=\"https:\/\/www.gxfs.eu\/de\/gaia-x-hubs\/\" \/>\n<meta property=\"og:site_name\" content=\"GXFS.eu\" \/>\n<meta property=\"article:modified_time\" content=\"2022-02-04T08:41:41+00:00\" \/>\n<meta name=\"twitter:card\" content=\"summary_large_image\" \/>\n<meta name=\"twitter:label1\" content=\"Gesch\u00e4tzte Lesezeit\" \/>\n\t<meta name=\"twitter:data1\" content=\"1\u00a0Minute\" \/>\n<script type=\"application\/ld+json\" class=\"yoast-schema-graph\">{\"@context\":\"https:\\\/\\\/schema.org\",\"@graph\":[{\"@type\":\"WebPage\",\"@id\":\"https:\\\/\\\/www.gxfs.eu\\\/de\\\/gaia-x-hubs\\\/\",\"url\":\"https:\\\/\\\/www.gxfs.eu\\\/de\\\/gaia-x-hubs\\\/\",\"name\":\"Gaia-X Hubs - GXFS.eu\",\"isPartOf\":{\"@id\":\"https:\\\/\\\/www.gxfs.eu\\\/#website\"},\"datePublished\":\"2022-02-04T08:41:21+00:00\",\"dateModified\":\"2022-02-04T08:41:41+00:00\",\"breadcrumb\":{\"@id\":\"https:\\\/\\\/www.gxfs.eu\\\/de\\\/gaia-x-hubs\\\/#breadcrumb\"},\"inLanguage\":\"de\",\"potentialAction\":[{\"@type\":\"ReadAction\",\"target\":[\"https:\\\/\\\/www.gxfs.eu\\\/de\\\/gaia-x-hubs\\\/\"]}]},{\"@type\":\"BreadcrumbList\",\"@id\":\"https:\\\/\\\/www.gxfs.eu\\\/de\\\/gaia-x-hubs\\\/#breadcrumb\",\"itemListElement\":[{\"@type\":\"ListItem\",\"position\":1,\"name\":\"Home\",\"item\":\"https:\\\/\\\/www.gxfs.eu\\\/de\\\/\"},{\"@type\":\"ListItem\",\"position\":2,\"name\":\"Gaia-X Hubs\"}]},{\"@type\":\"WebSite\",\"@id\":\"https:\\\/\\\/www.gxfs.eu\\\/#website\",\"url\":\"https:\\\/\\\/www.gxfs.eu\\\/\",\"name\":\"GXFS.eu\",\"description\":\"Gaia-X Federation Services\",\"publisher\":{\"@id\":\"https:\\\/\\\/www.gxfs.eu\\\/#organization\"},\"potentialAction\":[{\"@type\":\"SearchAction\",\"target\":{\"@type\":\"EntryPoint\",\"urlTemplate\":\"https:\\\/\\\/www.gxfs.eu\\\/?s={search_term_string}\"},\"query-input\":{\"@type\":\"PropertyValueSpecification\",\"valueRequired\":true,\"valueName\":\"search_term_string\"}}],\"inLanguage\":\"de\"},{\"@type\":\"Organization\",\"@id\":\"https:\\\/\\\/www.gxfs.eu\\\/#organization\",\"name\":\"GXFS.eu\",\"url\":\"https:\\\/\\\/www.gxfs.eu\\\/\",\"logo\":{\"@type\":\"ImageObject\",\"inLanguage\":\"de\",\"@id\":\"https:\\\/\\\/www.gxfs.eu\\\/#\\\/schema\\\/logo\\\/image\\\/\",\"url\":\"https:\\\/\\\/www.gxfs.eu\\\/wp-content\\\/uploads\\\/2022\\\/01\\\/GFXS_DE_Logo.jpg\",\"contentUrl\":\"https:\\\/\\\/www.gxfs.eu\\\/wp-content\\\/uploads\\\/2022\\\/01\\\/GFXS_DE_Logo.jpg\",\"width\":700,\"height\":309,\"caption\":\"GXFS.eu\"},\"image\":{\"@id\":\"https:\\\/\\\/www.gxfs.eu\\\/#\\\/schema\\\/logo\\\/image\\\/\"}}]}<\/script>\n<!-- \/ Yoast SEO plugin. -->","yoast_head_json":{"title":"Gaia-X Hubs - GXFS.eu","robots":{"index":"index","follow":"follow","max-snippet":"max-snippet:-1","max-image-preview":"max-image-preview:large","max-video-preview":"max-video-preview:-1"},"canonical":"https:\/\/www.gxfs.eu\/de\/gaia-x-hubs\/","og_locale":"de_DE","og_type":"article","og_title":"Gaia-X Hubs - GXFS.eu","og_description":"Funktion Die Gaia-X Hubs erleichtern und unterst\u00fctzen die Schaffung von europ\u00e4ischen Datenr\u00e4umen. Sie sind Stellvertreter der regionalen Wirtschaft, um die Richtlinien der Strategie f\u00fcr die digitale Transformation und die Finanzierungsm\u00f6glichkeiten f\u00fcr die Umsetzung von Gaia-X-Diensten abzufangen. Hubs konzentrieren sich auf die Entwicklung von Datenr\u00e4umen, die f\u00fcr die lokale Region relevant...Weiterlesen","og_url":"https:\/\/www.gxfs.eu\/de\/gaia-x-hubs\/","og_site_name":"GXFS.eu","article_modified_time":"2022-02-04T08:41:41+00:00","twitter_card":"summary_large_image","twitter_misc":{"Gesch\u00e4tzte Lesezeit":"1\u00a0Minute"},"schema":{"@context":"https:\/\/schema.org","@graph":[{"@type":"WebPage","@id":"https:\/\/www.gxfs.eu\/de\/gaia-x-hubs\/","url":"https:\/\/www.gxfs.eu\/de\/gaia-x-hubs\/","name":"Gaia-X Hubs - GXFS.eu","isPartOf":{"@id":"https:\/\/www.gxfs.eu\/#website"},"datePublished":"2022-02-04T08:41:21+00:00","dateModified":"2022-02-04T08:41:41+00:00","breadcrumb":{"@id":"https:\/\/www.gxfs.eu\/de\/gaia-x-hubs\/#breadcrumb"},"inLanguage":"de","potentialAction":[{"@type":"ReadAction","target":["https:\/\/www.gxfs.eu\/de\/gaia-x-hubs\/"]}]},{"@type":"BreadcrumbList","@id":"https:\/\/www.gxfs.eu\/de\/gaia-x-hubs\/#breadcrumb","itemListElement":[{"@type":"ListItem","position":1,"name":"Home","item":"https:\/\/www.gxfs.eu\/de\/"},{"@type":"ListItem","position":2,"name":"Gaia-X Hubs"}]},{"@type":"WebSite","@id":"https:\/\/www.gxfs.eu\/#website","url":"https:\/\/www.gxfs.eu\/","name":"GXFS.eu","description":"Gaia-X Federation Services","publisher":{"@id":"https:\/\/www.gxfs.eu\/#organization"},"potentialAction":[{"@type":"SearchAction","target":{"@type":"EntryPoint","urlTemplate":"https:\/\/www.gxfs.eu\/?s={search_term_string}"},"query-input":{"@type":"PropertyValueSpecification","valueRequired":true,"valueName":"search_term_string"}}],"inLanguage":"de"},{"@type":"Organization","@id":"https:\/\/www.gxfs.eu\/#organization","name":"GXFS.eu","url":"https:\/\/www.gxfs.eu\/","logo":{"@type":"ImageObject","inLanguage":"de","@id":"https:\/\/www.gxfs.eu\/#\/schema\/logo\/image\/","url":"https:\/\/www.gxfs.eu\/wp-content\/uploads\/2022\/01\/GFXS_DE_Logo.jpg","contentUrl":"https:\/\/www.gxfs.eu\/wp-content\/uploads\/2022\/01\/GFXS_DE_Logo.jpg","width":700,"height":309,"caption":"GXFS.eu"},"image":{"@id":"https:\/\/www.gxfs.eu\/#\/schema\/logo\/image\/"}}]}},"_links":{"self":[{"href":"https:\/\/www.gxfs.eu\/de\/wp-json\/wp\/v2\/pages\/2086","targetHints":{"allow":["GET"]}}],"collection":[{"href":"https:\/\/www.gxfs.eu\/de\/wp-json\/wp\/v2\/pages"}],"about":[{"href":"https:\/\/www.gxfs.eu\/de\/wp-json\/wp\/v2\/types\/page"}],"author":[{"embeddable":true,"href":"https:\/\/www.gxfs.eu\/de\/wp-json\/wp\/v2\/users\/7"}],"replies":[{"embeddable":true,"href":"https:\/\/www.gxfs.eu\/de\/wp-json\/wp\/v2\/comments?post=2086"}],"version-history":[{"count":2,"href":"https:\/\/www.gxfs.eu\/de\/wp-json\/wp\/v2\/pages\/2086\/revisions"}],"predecessor-version":[{"id":2088,"href":"https:\/\/www.gxfs.eu\/de\/wp-json\/wp\/v2\/pages\/2086\/revisions\/2088"}],"wp:attachment":[{"href":"https:\/\/www.gxfs.eu\/de\/wp-json\/wp\/v2\/media?parent=2086"}],"curies":[{"name":"wp","href":"https:\/\/api.w.org\/{rel}","templated":true}]}}