{"id":1999,"date":"2022-02-03T13:03:02","date_gmt":"2022-02-03T13:03:02","guid":{"rendered":"https:\/\/www.gxfs.eu\/?page_id=1999"},"modified":"2023-12-05T15:28:12","modified_gmt":"2023-12-05T14:28:12","slug":"downloads","status":"publish","type":"page","link":"https:\/\/www.gxfs.eu\/de\/downloads\/","title":{"rendered":"Wissenspool"},"content":{"rendered":"\n<p>Der Wissenspool ist die Sammlung aller relevanten Informationen und Materialien rund um GXFS.<br>Hier finden Sie kurze \u00dcberschichten in Form von Infobl\u00e4tter sowie unsere Studien, Whitepaper und Brosch\u00fcren.<\/p>\n\n\n\n<div style=\"height:32px\" aria-hidden=\"true\" class=\"wp-block-spacer\"><\/div>\n\n\n\n<h2 class=\"wp-block-heading\">Informationsbl\u00e4tter<\/h2>\n\n\n\n<div class=\"wp-block-group is-layout-flow wp-block-group-is-layout-flow\">\n<div class=\"wp-block-columns gxfs-columns gxfs-columns-stretched is-layout-flex wp-container-core-columns-is-layout-28f84493 wp-block-columns-is-layout-flex\">\n<div class=\"wp-block-column gxfs-column is-layout-flow wp-block-column-is-layout-flow\">\n<div class=\"wp-block-group gxfs-column-content-group gxfs-column-content-group-bg is-layout-flow wp-block-group-is-layout-flow\">\n<div class=\"wp-block-group gxfs-column-content is-layout-flow wp-block-group-is-layout-flow\">\n<h3 class=\"wp-block-heading gxfs-column-content-title\" id=\"white-paper-gaia-x-foderationsdienste-kickstarter-fur-das-gaia-x-okosystem\">Die GXFS Werkzeugkiste<\/h3>\n\n\n\n<p>In diesem Zwei-Seiter erhalten Sie einen \u00dcberblick \u00fcber alle Funktionalit\u00e4ten der einzelnen Gaia-X Federation Services:<\/p>\n\n\n\n<ul class=\"wp-block-list\">\n<li>Identit\u00e4t &amp; Vertrauen<\/li>\n\n\n\n<li>Souver\u00e4ner Datenaustausch<\/li>\n\n\n\n<li>F\u00f6derierter Katalog<\/li>\n\n\n\n<li>Regelkonformit\u00e4t<\/li>\n\n\n\n<li>Portal &amp; Integration<\/li>\n<\/ul>\n\n\n\n<div class=\"wp-block-buttons is-horizontal is-content-justification-center is-layout-flex wp-container-core-buttons-is-layout-03627597 wp-block-buttons-is-layout-flex\">\n<div class=\"wp-block-button\"><a class=\"wp-block-button__link has-purple-background-color has-background no-border-radius wp-element-button\" href=\"https:\/\/www.gxfs.eu\/download\/10555\" target=\"_blank\" rel=\"noreferrer noopener\">Download<\/a><\/div>\n<\/div>\n<\/div>\n<\/div>\n<\/div>\n\n\n\n<div class=\"wp-block-column gxfs-column is-layout-flow wp-block-column-is-layout-flow\"><\/div>\n<\/div>\n<\/div>\n\n\n\n<div style=\"height:59px\" aria-hidden=\"true\" class=\"wp-block-spacer\"><\/div>\n\n\n\n<h2 class=\"wp-block-heading\">Studien<\/h2>\n\n\n\n<div class=\"wp-block-group is-layout-flow wp-block-group-is-layout-flow\">\n<div class=\"wp-block-columns gxfs-columns gxfs-columns-stretched is-layout-flex wp-container-core-columns-is-layout-28f84493 wp-block-columns-is-layout-flex\">\n<div class=\"wp-block-column gxfs-column is-layout-flow wp-block-column-is-layout-flow\">\n<div class=\"wp-block-group gxfs-column-content-group gxfs-column-content-group-bg is-layout-flow wp-block-group-is-layout-flow\">\n<div class=\"wp-block-group gxfs-column-content is-layout-flow wp-block-group-is-layout-flow\">\n<h3 class=\"wp-block-heading gxfs-column-content-title\" id=\"white-paper-gaia-x-foderationsdienste-kickstarter-fur-das-gaia-x-okosystem\">Delta-Studie: Fortschritte und Herausforderungen bei der Implementierung der Gaia-X F\u00f6derationsdienste<\/h3>\n\n\n\n<p class=\"gxfs-column-content-p\">Eine neue Delta-Studie, konzipiert als Fortsetzung der Studie \u201eStrategien zum Aufbau von Gaia-X \u00d6kosystemen mithilfe der Gaia-X F\u00f6derationsdienste\u201c, gew\u00e4hrt Einblicke in den aktuellen Status und die Herausforderungen der GXFS-Implementierung bei verschiedenen F\u00f6rderprojekten.<\/p>\n\n\n\n<div class=\"wp-block-buttons is-horizontal is-content-justification-center is-layout-flex wp-container-core-buttons-is-layout-03627597 wp-block-buttons-is-layout-flex\">\n<div class=\"wp-block-button\"><a class=\"wp-block-button__link has-purple-background-color has-background no-border-radius wp-element-button\" href=\"https:\/\/www.gxfs.eu\/download\/10152\" target=\"_blank\" rel=\"noreferrer noopener\">Download<\/a><\/div>\n<\/div>\n<\/div>\n<\/div>\n<\/div>\n\n\n\n<div class=\"wp-block-column gxfs-column is-layout-flow wp-block-column-is-layout-flow\"><\/div>\n<\/div>\n<\/div>\n\n\n\n<div style=\"height:50px\" aria-hidden=\"true\" class=\"wp-block-spacer\"><\/div>\n\n\n\n<div class=\"wp-block-group is-layout-flow wp-block-group-is-layout-flow\">\n<div class=\"wp-block-columns gxfs-columns gxfs-columns-stretched is-layout-flex wp-container-core-columns-is-layout-28f84493 wp-block-columns-is-layout-flex\">\n<div class=\"wp-block-column gxfs-column is-layout-flow wp-block-column-is-layout-flow\">\n<div class=\"wp-block-group gxfs-column-content-group gxfs-column-content-group-bg is-layout-flow wp-block-group-is-layout-flow\">\n<div class=\"wp-block-group gxfs-column-content is-layout-flow wp-block-group-is-layout-flow\">\n<h3 class=\"wp-block-heading gxfs-column-content-title\" id=\"white-paper-gaia-x-foderationsdienste-kickstarter-fur-das-gaia-x-okosystem\">Gaia-X Akzeptanz im Markt<\/h3>\n\n\n\n<p class=\"gxfs-column-content-p\">Eine k\u00fcrzlich durchgef\u00fchrte Umfrage im Auftrag des GXFS Projekts, koordiniert durch den eco Verband der Internetwirtschaft e.V., hat ergeben, dass Gaia-X bei Unternehmen auf breite Akzeptanz st\u00f6\u00dft und als \u00e4u\u00dferst positiv wahrgenommen wird. In dieser Studie wurden s\u00e4mtliche Ergebnisse zusammengefasst und erl\u00e4utert.<\/p>\n\n\n\n<div class=\"wp-block-buttons is-horizontal is-content-justification-center is-layout-flex wp-container-core-buttons-is-layout-03627597 wp-block-buttons-is-layout-flex\">\n<div class=\"wp-block-button\"><a class=\"wp-block-button__link has-purple-background-color has-background no-border-radius wp-element-button\" href=\"https:\/\/www.gxfs.eu\/download\/7438\/\" target=\"_blank\" rel=\"noreferrer noopener\">Download<\/a><\/div>\n<\/div>\n<\/div>\n<\/div>\n<\/div>\n\n\n\n<div class=\"wp-block-column gxfs-column is-layout-flow wp-block-column-is-layout-flow\">\n<div class=\"wp-block-group gxfs-column-content-group gxfs-column-content-group-bg is-layout-flow wp-block-group-is-layout-flow\">\n<div class=\"wp-block-group gxfs-column-content is-layout-flow wp-block-group-is-layout-flow\">\n<h3 class=\"wp-block-heading gxfs-column-content-title\" id=\"white-paper-gaia-x-foderationsdienste-kickstarter-fur-das-gaia-x-okosystem\">Strategien zum Aufbau von Gaia-X \u00d6kosystemen mithilfe der Gaia-X F\u00f6derationsdienste<\/h3>\n\n\n\n<p class=\"gxfs-column-content-p\">Im Zeitraum von Juni bis September 2022 wurde eine Studie durchgef\u00fchrt, die die GXFS Implementierungsstrategien der Gaia-X F\u00f6rderprojekten der Bundesregierung erforschen soll. Ziel der Studie ist es, den Stand der Planung der F\u00f6rderprojekten abzubilden und gelungene Implementierungsstrategien hervorzuheben, um diese als exemplarische Wegweiser f\u00fcr andere Projekte zu nutzen.<\/p>\n\n\n\n<div class=\"wp-block-buttons is-horizontal is-content-justification-center is-layout-flex wp-container-core-buttons-is-layout-03627597 wp-block-buttons-is-layout-flex\">\n<div class=\"wp-block-button\"><a class=\"wp-block-button__link has-purple-background-color has-background no-border-radius wp-element-button\" href=\"https:\/\/www.gxfs.eu\/download\/6304\/\" target=\"_blank\" rel=\"noreferrer noopener\">Download<\/a><\/div>\n<\/div>\n<\/div>\n<\/div>\n<\/div>\n<\/div>\n<\/div>\n\n\n\n<div style=\"height:64px\" aria-hidden=\"true\" class=\"wp-block-spacer\"><\/div>\n\n\n\n<h2 class=\"wp-block-heading\">Whitepaper<\/h2>\n\n\n\n<div class=\"wp-block-group is-layout-flow wp-block-group-is-layout-flow\">\n<div class=\"wp-block-columns gxfs-columns gxfs-columns-stretched is-layout-flex wp-container-core-columns-is-layout-28f84493 wp-block-columns-is-layout-flex\">\n<div class=\"wp-block-column gxfs-column is-layout-flow wp-block-column-is-layout-flow\">\n<div class=\"wp-block-group gxfs-column-content-group gxfs-column-content-group-bg is-layout-flow wp-block-group-is-layout-flow\">\n<div class=\"wp-block-group gxfs-column-content is-layout-flow wp-block-group-is-layout-flow\">\n<h3 class=\"wp-block-heading gxfs-column-content-title\" id=\"white-paper-gaia-x-foderationsdienste-kickstarter-fur-das-gaia-x-okosystem\">DID Whitepaper: Selbstbestimmte Identit\u00e4ten und deren Entwicklung<\/h3>\n\n\n\n<p>Im neuen GXFS-Whitepaper \u201eAnalysing the SSI World\u201c werden Selbstbestimmte Identit\u00e4ten (Self Sovereign Identity, SSI) als zentrales Konzept im Gaia-X und GXFS Kontext beleuchtet. Das Whitepaper bietet einen umfassenden Einblick und betont die Bedeutung eines breiten Engagements, um dieses Konzept voranzutreiben. (Englischsprachig)<\/p>\n\n\n\n<div class=\"wp-block-buttons is-horizontal is-content-justification-center is-layout-flex wp-container-core-buttons-is-layout-03627597 wp-block-buttons-is-layout-flex\">\n<div class=\"wp-block-button\"><a class=\"wp-block-button__link has-purple-background-color has-background no-border-radius wp-element-button\" href=\"https:\/\/www.gxfs.eu\/download\/10142\" target=\"_blank\" rel=\"noreferrer noopener\">Download<\/a><\/div>\n<\/div>\n<\/div>\n<\/div>\n<\/div>\n\n\n\n<div class=\"wp-block-column gxfs-column is-layout-flow wp-block-column-is-layout-flow\"><\/div>\n<\/div>\n<\/div>\n\n\n\n<div style=\"height:50px\" aria-hidden=\"true\" class=\"wp-block-spacer\"><\/div>\n\n\n\n<div class=\"wp-block-group is-layout-flow wp-block-group-is-layout-flow\">\n<div class=\"wp-block-columns gxfs-columns gxfs-columns-stretched is-layout-flex wp-container-core-columns-is-layout-28f84493 wp-block-columns-is-layout-flex\">\n<div class=\"wp-block-column gxfs-column is-layout-flow wp-block-column-is-layout-flow\">\n<div class=\"wp-block-group gxfs-column-content-group gxfs-column-content-group-bg is-layout-flow wp-block-group-is-layout-flow\">\n<div class=\"wp-block-group gxfs-column-content is-layout-flow wp-block-group-is-layout-flow\">\n<h3 class=\"wp-block-heading gxfs-column-content-title\" id=\"white-paper-gaia-x-foderationsdienste-kickstarter-fur-das-gaia-x-okosystem\">Kritis Whitepaper: Gaia-X \u00d6kosysteme k\u00f6nnen kritische Infrastruktur sein<\/h3>\n\n\n\n<p>Das Whitepaper erl\u00e4utert, welche IT-Infrastrukturen und Dienstleistungen als sogenannte \u201ekritische Infrastruktur\u201c einzustufen sind und welche Regeln Betreiber kritischer Infrastrukturen im Kontext von Gaia-X zu beachten haben.<\/p>\n\n\n\n<div class=\"wp-block-buttons is-horizontal is-content-justification-center is-layout-flex wp-container-core-buttons-is-layout-03627597 wp-block-buttons-is-layout-flex\">\n<div class=\"wp-block-button\"><a class=\"wp-block-button__link has-purple-background-color has-background no-border-radius wp-element-button\" href=\"https:\/\/www.gxfs.eu\/download\/8419\" target=\"_blank\" rel=\"noreferrer noopener\">Download<\/a><\/div>\n<\/div>\n<\/div>\n<\/div>\n<\/div>\n\n\n\n<div class=\"wp-block-column gxfs-column is-layout-flow wp-block-column-is-layout-flow\">\n<div class=\"wp-block-group gxfs-column-content-group gxfs-column-content-group-bg is-layout-flow wp-block-group-is-layout-flow\">\n<div class=\"wp-block-group gxfs-column-content is-layout-flow wp-block-group-is-layout-flow\">\n<h3 class=\"wp-block-heading gxfs-column-content-title\" id=\"white-paper-gaia-x-foderationsdienste-kickstarter-fur-das-gaia-x-okosystem\">SD Whitepaper: Selbstbeschreibung von Ressourcen, Serviceangeboten und Teilnehmern im Gaia-X-\u00d6kosystem<\/h3>\n\n\n\n<p class=\"gxfs-column-content-p\">Das Whitepaper erl\u00e4utert die Verwendung von Selbstbeschreibungen im Kontext zuk\u00fcnftiger Gaia-X F\u00f6derationen. Die Selbstbeschreibungen dienen als Informationsquelle, die unter anderem Beschreibungen der Teilnehmer einer F\u00f6deration und ihrer Serviceangebote enth\u00e4lt.<\/p>\n\n\n\n<div class=\"wp-block-buttons is-horizontal is-content-justification-center is-layout-flex wp-container-core-buttons-is-layout-03627597 wp-block-buttons-is-layout-flex\">\n<div class=\"wp-block-button\"><a class=\"wp-block-button__link has-purple-background-color has-background no-border-radius wp-element-button\" href=\"https:\/\/www.gxfs.eu\/download\/4314\/\" target=\"_blank\" rel=\"noreferrer noopener\">Download<\/a><\/div>\n<\/div>\n<\/div>\n<\/div>\n<\/div>\n<\/div>\n<\/div>\n\n\n\n<div style=\"height:50px\" aria-hidden=\"true\" class=\"wp-block-spacer\"><\/div>\n\n\n\n<div class=\"wp-block-group is-layout-flow wp-block-group-is-layout-flow\">\n<div class=\"wp-block-columns gxfs-columns gxfs-columns-stretched is-layout-flex wp-container-core-columns-is-layout-28f84493 wp-block-columns-is-layout-flex\">\n<div class=\"wp-block-column gxfs-column is-layout-flow wp-block-column-is-layout-flow\">\n<div class=\"wp-block-group gxfs-column-content-group gxfs-column-content-group-bg is-layout-flow wp-block-group-is-layout-flow\">\n<div class=\"wp-block-group gxfs-column-content is-layout-flow wp-block-group-is-layout-flow\">\n<h3 class=\"wp-block-heading gxfs-column-content-title\" id=\"white-paper-gaia-x-foderationsdienste-kickstarter-fur-das-gaia-x-okosystem\">SSI Whitepaper: Gaia-X-sichere und vertrauensw\u00fcrdige \u00d6kosysteme mit souver\u00e4nen Identit\u00e4ten<\/h3>\n\n\n\n<p class=\"gxfs-column-content-p\">Dieses Whitepaper erl\u00e4utert die wichtigsten Anliegen, die Architektur und die Prinzipien des Konzepts der selbstbestimmten Identit\u00e4t (Englische &#8222;Self-Sovereign Identity&#8220;), die im Gaia-X-\u00d6kosystem angewandt werden. Die selbstbestimmte digitale Identit\u00e4t sorgt f\u00fcr eine sichere und vertrauensw\u00fcrdige Digitalisierung in dem dezentralen \u00d6kosystem, das Gaia-X anstrebt.<\/p>\n\n\n\n<div class=\"wp-block-buttons is-horizontal is-content-justification-center is-layout-flex wp-container-core-buttons-is-layout-03627597 wp-block-buttons-is-layout-flex\">\n<div class=\"wp-block-button\"><a class=\"wp-block-button__link has-purple-background-color has-background no-border-radius wp-element-button\" href=\"https:\/\/www.gxfs.eu\/download\/3059\/\" target=\"_blank\" rel=\"noreferrer noopener\">Download<\/a><\/div>\n<\/div>\n<\/div>\n<\/div>\n<\/div>\n\n\n\n<div class=\"wp-block-column gxfs-column is-layout-flow wp-block-column-is-layout-flow\">\n<div class=\"wp-block-group gxfs-column-content-group gxfs-column-content-group-bg is-layout-flow wp-block-group-is-layout-flow\">\n<div class=\"wp-block-group gxfs-column-content is-layout-flow wp-block-group-is-layout-flow\">\n<h3 class=\"wp-block-heading gxfs-column-content-title\" id=\"white-paper-gaia-x-foderationsdienste-kickstarter-fur-das-gaia-x-okosystem\">GXFS Whitepaper: Gaia-X-F\u00f6derationsdienste &#8211; Kickstarter f\u00fcr das Gaia-X-\u00d6kosystem<\/h3>\n\n\n\n<p class=\"gxfs-column-content-p\">Dieses White Paper erl\u00e4utert das Konzept der Gaia-X F\u00f6derationsdienste aus einer breiteren Gaia-X-Projektperspektive. Es f\u00fchrt den Leser in das Gaia-X-Projekt ein, erl\u00e4utert, warum F\u00f6derationsdienste der Schl\u00fcssel zur Verwirklichung der Ziele von Gaia-X sind, und gibt einen \u00dcberblick \u00fcber die verschiedenen F\u00f6derationsdienste f\u00fcr ein nicht-technisches Publikum.<\/p>\n\n\n\n<div class=\"wp-block-buttons is-horizontal is-content-justification-center is-layout-flex wp-container-core-buttons-is-layout-03627597 wp-block-buttons-is-layout-flex\">\n<div class=\"wp-block-button\"><a class=\"wp-block-button__link has-purple-background-color has-background no-border-radius wp-element-button\" href=\"https:\/\/www.gxfs.eu\/download\/1873\/\" target=\"_blank\" rel=\"noreferrer noopener\">Download<\/a><\/div>\n<\/div>\n<\/div>\n<\/div>\n<\/div>\n<\/div>\n<\/div>\n\n\n\n<div style=\"height:58px\" aria-hidden=\"true\" class=\"wp-block-spacer\"><\/div>\n\n\n\n<h2 class=\"wp-block-heading\">Brosch\u00fcren<\/h2>\n\n\n\n<div class=\"wp-block-columns gxfs-columns gxfs-columns-stretched is-layout-flex wp-container-core-columns-is-layout-28f84493 wp-block-columns-is-layout-flex\">\n<div class=\"wp-block-column gxfs-column is-layout-flow wp-block-column-is-layout-flow\">\n<div class=\"wp-block-group gxfs-column-content-group gxfs-column-content-group-bg is-layout-flow wp-block-group-is-layout-flow\">\n<div class=\"wp-block-group gxfs-column-content is-layout-flow wp-block-group-is-layout-flow\">\n<h3 class=\"wp-block-heading gxfs-column-content-title\" id=\"white-paper-gaia-x-foderationsdienste-kickstarter-fur-das-gaia-x-okosystem\">Gaia-X Vision &amp; Strategie <\/h3>\n\n\n\n<p class=\"gxfs-column-content-p\">Dieses Dokument bietet einen umfassenden \u00dcberblick \u00fcber die Kernelemente der Gaia-X-Initiative. Es geht auf die Vision und den Auftrag von Gaia-X, die Schl\u00fcsselfragen, die Grundwerte und den Nutzen f\u00fcr die Beteiligten ein. Anschlie\u00dfend werden der Auftrag, der Umfang, die wichtigsten Ergebnisse und der strategische Plan des Projekts n\u00e4her erl\u00e4utert.<\/p>\n\n\n\n<div class=\"wp-block-buttons is-horizontal is-content-justification-center is-layout-flex wp-container-core-buttons-is-layout-03627597 wp-block-buttons-is-layout-flex\">\n<div class=\"wp-block-button\"><a class=\"wp-block-button__link has-purple-background-color has-background no-border-radius wp-element-button\" href=\"https:\/\/gaia-x.eu\/sites\/default\/files\/2021-12\/Vision%20%26%20Strategy.pdf\" target=\"_blank\" rel=\"noreferrer noopener\">Download<\/a><\/div>\n<\/div>\n<\/div>\n<\/div>\n<\/div>\n\n\n\n<div class=\"wp-block-column gxfs-column is-layout-flow wp-block-column-is-layout-flow\">\n<div class=\"wp-block-group gxfs-column-content-group gxfs-column-content-group-bg is-layout-flow wp-block-group-is-layout-flow\">\n<div class=\"wp-block-group gxfs-column-content is-layout-flow wp-block-group-is-layout-flow\">\n<h3 class=\"wp-block-heading gxfs-column-content-title\" id=\"gaia-x-ecosystem-kickstarter-white-paper\">Das Gaia-X Magazin<\/h3>\n\n\n\n<p>Das Gaia-X-Magazin ist eine viertelj\u00e4hrlich erscheinende Zeitschrift, die in Zusammenarbeit mit unseren Mitgliedern, dem Vorstand, dem Aufsichtsrat und externen Forschern die besten Forschungsergebnisse aus dem \u00d6kosystem des Datenraums ver\u00f6ffentlicht. Die Zeitschrift pr\u00e4sentiert Originalarbeiten, die sich durch vielschichtige Artikel von interdisziplin\u00e4rem Interesse, Aktualit\u00e4t, Zug\u00e4nglichkeit, Eleganz und \u00fcberraschende Schlussfolgerungen auszeichnen, mit dem Ziel, schnelle, ma\u00dfgebliche, aufschlussreiche und fesselnde Nachrichten und Interpretationen aktueller und kommender Trends zu liefern, die unser Datenraum-\u00d6kosystem betreffen.<\/p>\n\n\n\n<div class=\"wp-block-buttons is-horizontal is-content-justification-center is-layout-flex wp-container-core-buttons-is-layout-03627597 wp-block-buttons-is-layout-flex\">\n<div class=\"wp-block-button\"><a class=\"wp-block-button__link has-purple-background-color has-background no-border-radius wp-element-button\" href=\"https:\/\/membersplatform.gaia-x.eu\/dashboard#\/download?path=https:\/\/membersplatform.gaia-x.eu\/api\/resource_repository\/1\/pathKey=Communication%20material%2FGaia-X%20Magazines%2FGaia-X%20Magazine_Issue%202_May_2023.pdf\" target=\"_blank\" rel=\"noreferrer noopener\">Download<\/a><\/div>\n<\/div>\n<\/div>\n<\/div>\n<\/div>\n<\/div>\n\n\n\n<p><\/p>\n","protected":false},"excerpt":{"rendered":"<p>Der Wissenspool ist die Sammlung aller relevanten Informationen und Materialien rund um GXFS.Hier finden Sie kurze \u00dcberschichten in Form von Infobl\u00e4tter sowie unsere Studien, Whitepaper und Brosch\u00fcren. Informationsbl\u00e4tter Die GXFS Werkzeugkiste In diesem Zwei-Seiter erhalten Sie einen \u00dcberblick \u00fcber alle Funktionalit\u00e4ten der einzelnen Gaia-X Federation Services: Studien Delta-Studie: Fortschritte und&#8230;<a class=\"gxfs-loop-button\" href=\"https:\/\/www.gxfs.eu\/de\/downloads\/\">Weiterlesen<\/a><\/p>\n","protected":false},"author":4,"featured_media":0,"parent":0,"menu_order":0,"comment_status":"closed","ping_status":"closed","template":"","meta":{"inline_featured_image":false,"footnotes":""},"class_list":["post-1999","page","type-page","status-publish","hentry"],"yoast_head":"<!-- This site is optimized with the Yoast SEO plugin v27.3 - https:\/\/yoast.com\/product\/yoast-seo-wordpress\/ -->\n<title>Wissenspool - GXFS.eu<\/title>\n<meta name=\"robots\" content=\"index, follow, max-snippet:-1, max-image-preview:large, max-video-preview:-1\" \/>\n<link rel=\"canonical\" href=\"https:\/\/www.gxfs.eu\/de\/downloads\/\" \/>\n<meta property=\"og:locale\" content=\"de_DE\" \/>\n<meta property=\"og:type\" content=\"article\" \/>\n<meta property=\"og:title\" content=\"Wissenspool - GXFS.eu\" \/>\n<meta property=\"og:description\" content=\"Der Wissenspool ist die Sammlung aller relevanten Informationen und Materialien rund um GXFS.Hier finden Sie kurze \u00dcberschichten in Form von Infobl\u00e4tter sowie unsere Studien, Whitepaper und Brosch\u00fcren. Informationsbl\u00e4tter Die GXFS Werkzeugkiste In diesem Zwei-Seiter erhalten Sie einen \u00dcberblick \u00fcber alle Funktionalit\u00e4ten der einzelnen Gaia-X Federation Services: Studien Delta-Studie: Fortschritte und...Weiterlesen\" \/>\n<meta property=\"og:url\" content=\"https:\/\/www.gxfs.eu\/de\/downloads\/\" \/>\n<meta property=\"og:site_name\" content=\"GXFS.eu\" \/>\n<meta property=\"article:modified_time\" content=\"2023-12-05T14:28:12+00:00\" \/>\n<meta name=\"twitter:card\" content=\"summary_large_image\" \/>\n<meta name=\"twitter:label1\" content=\"Gesch\u00e4tzte Lesezeit\" \/>\n\t<meta name=\"twitter:data1\" content=\"3\u00a0Minuten\" \/>\n<script type=\"application\/ld+json\" class=\"yoast-schema-graph\">{\"@context\":\"https:\\\/\\\/schema.org\",\"@graph\":[{\"@type\":\"WebPage\",\"@id\":\"https:\\\/\\\/www.gxfs.eu\\\/de\\\/downloads\\\/\",\"url\":\"https:\\\/\\\/www.gxfs.eu\\\/de\\\/downloads\\\/\",\"name\":\"Wissenspool - GXFS.eu\",\"isPartOf\":{\"@id\":\"https:\\\/\\\/www.gxfs.eu\\\/#website\"},\"datePublished\":\"2022-02-03T13:03:02+00:00\",\"dateModified\":\"2023-12-05T14:28:12+00:00\",\"breadcrumb\":{\"@id\":\"https:\\\/\\\/www.gxfs.eu\\\/de\\\/downloads\\\/#breadcrumb\"},\"inLanguage\":\"de\",\"potentialAction\":[{\"@type\":\"ReadAction\",\"target\":[\"https:\\\/\\\/www.gxfs.eu\\\/de\\\/downloads\\\/\"]}]},{\"@type\":\"BreadcrumbList\",\"@id\":\"https:\\\/\\\/www.gxfs.eu\\\/de\\\/downloads\\\/#breadcrumb\",\"itemListElement\":[{\"@type\":\"ListItem\",\"position\":1,\"name\":\"Home\",\"item\":\"https:\\\/\\\/www.gxfs.eu\\\/de\\\/\"},{\"@type\":\"ListItem\",\"position\":2,\"name\":\"Wissenspool\"}]},{\"@type\":\"WebSite\",\"@id\":\"https:\\\/\\\/www.gxfs.eu\\\/#website\",\"url\":\"https:\\\/\\\/www.gxfs.eu\\\/\",\"name\":\"GXFS.eu\",\"description\":\"Gaia-X Federation Services\",\"publisher\":{\"@id\":\"https:\\\/\\\/www.gxfs.eu\\\/#organization\"},\"potentialAction\":[{\"@type\":\"SearchAction\",\"target\":{\"@type\":\"EntryPoint\",\"urlTemplate\":\"https:\\\/\\\/www.gxfs.eu\\\/?s={search_term_string}\"},\"query-input\":{\"@type\":\"PropertyValueSpecification\",\"valueRequired\":true,\"valueName\":\"search_term_string\"}}],\"inLanguage\":\"de\"},{\"@type\":\"Organization\",\"@id\":\"https:\\\/\\\/www.gxfs.eu\\\/#organization\",\"name\":\"GXFS.eu\",\"url\":\"https:\\\/\\\/www.gxfs.eu\\\/\",\"logo\":{\"@type\":\"ImageObject\",\"inLanguage\":\"de\",\"@id\":\"https:\\\/\\\/www.gxfs.eu\\\/#\\\/schema\\\/logo\\\/image\\\/\",\"url\":\"https:\\\/\\\/www.gxfs.eu\\\/wp-content\\\/uploads\\\/2022\\\/01\\\/GFXS_DE_Logo.jpg\",\"contentUrl\":\"https:\\\/\\\/www.gxfs.eu\\\/wp-content\\\/uploads\\\/2022\\\/01\\\/GFXS_DE_Logo.jpg\",\"width\":700,\"height\":309,\"caption\":\"GXFS.eu\"},\"image\":{\"@id\":\"https:\\\/\\\/www.gxfs.eu\\\/#\\\/schema\\\/logo\\\/image\\\/\"}}]}<\/script>\n<!-- \/ Yoast SEO plugin. -->","yoast_head_json":{"title":"Wissenspool - GXFS.eu","robots":{"index":"index","follow":"follow","max-snippet":"max-snippet:-1","max-image-preview":"max-image-preview:large","max-video-preview":"max-video-preview:-1"},"canonical":"https:\/\/www.gxfs.eu\/de\/downloads\/","og_locale":"de_DE","og_type":"article","og_title":"Wissenspool - GXFS.eu","og_description":"Der Wissenspool ist die Sammlung aller relevanten Informationen und Materialien rund um GXFS.Hier finden Sie kurze \u00dcberschichten in Form von Infobl\u00e4tter sowie unsere Studien, Whitepaper und Brosch\u00fcren. Informationsbl\u00e4tter Die GXFS Werkzeugkiste In diesem Zwei-Seiter erhalten Sie einen \u00dcberblick \u00fcber alle Funktionalit\u00e4ten der einzelnen Gaia-X Federation Services: Studien Delta-Studie: Fortschritte und...Weiterlesen","og_url":"https:\/\/www.gxfs.eu\/de\/downloads\/","og_site_name":"GXFS.eu","article_modified_time":"2023-12-05T14:28:12+00:00","twitter_card":"summary_large_image","twitter_misc":{"Gesch\u00e4tzte Lesezeit":"3\u00a0Minuten"},"schema":{"@context":"https:\/\/schema.org","@graph":[{"@type":"WebPage","@id":"https:\/\/www.gxfs.eu\/de\/downloads\/","url":"https:\/\/www.gxfs.eu\/de\/downloads\/","name":"Wissenspool - GXFS.eu","isPartOf":{"@id":"https:\/\/www.gxfs.eu\/#website"},"datePublished":"2022-02-03T13:03:02+00:00","dateModified":"2023-12-05T14:28:12+00:00","breadcrumb":{"@id":"https:\/\/www.gxfs.eu\/de\/downloads\/#breadcrumb"},"inLanguage":"de","potentialAction":[{"@type":"ReadAction","target":["https:\/\/www.gxfs.eu\/de\/downloads\/"]}]},{"@type":"BreadcrumbList","@id":"https:\/\/www.gxfs.eu\/de\/downloads\/#breadcrumb","itemListElement":[{"@type":"ListItem","position":1,"name":"Home","item":"https:\/\/www.gxfs.eu\/de\/"},{"@type":"ListItem","position":2,"name":"Wissenspool"}]},{"@type":"WebSite","@id":"https:\/\/www.gxfs.eu\/#website","url":"https:\/\/www.gxfs.eu\/","name":"GXFS.eu","description":"Gaia-X Federation Services","publisher":{"@id":"https:\/\/www.gxfs.eu\/#organization"},"potentialAction":[{"@type":"SearchAction","target":{"@type":"EntryPoint","urlTemplate":"https:\/\/www.gxfs.eu\/?s={search_term_string}"},"query-input":{"@type":"PropertyValueSpecification","valueRequired":true,"valueName":"search_term_string"}}],"inLanguage":"de"},{"@type":"Organization","@id":"https:\/\/www.gxfs.eu\/#organization","name":"GXFS.eu","url":"https:\/\/www.gxfs.eu\/","logo":{"@type":"ImageObject","inLanguage":"de","@id":"https:\/\/www.gxfs.eu\/#\/schema\/logo\/image\/","url":"https:\/\/www.gxfs.eu\/wp-content\/uploads\/2022\/01\/GFXS_DE_Logo.jpg","contentUrl":"https:\/\/www.gxfs.eu\/wp-content\/uploads\/2022\/01\/GFXS_DE_Logo.jpg","width":700,"height":309,"caption":"GXFS.eu"},"image":{"@id":"https:\/\/www.gxfs.eu\/#\/schema\/logo\/image\/"}}]}},"_links":{"self":[{"href":"https:\/\/www.gxfs.eu\/de\/wp-json\/wp\/v2\/pages\/1999","targetHints":{"allow":["GET"]}}],"collection":[{"href":"https:\/\/www.gxfs.eu\/de\/wp-json\/wp\/v2\/pages"}],"about":[{"href":"https:\/\/www.gxfs.eu\/de\/wp-json\/wp\/v2\/types\/page"}],"author":[{"embeddable":true,"href":"https:\/\/www.gxfs.eu\/de\/wp-json\/wp\/v2\/users\/4"}],"replies":[{"embeddable":true,"href":"https:\/\/www.gxfs.eu\/de\/wp-json\/wp\/v2\/comments?post=1999"}],"version-history":[{"count":50,"href":"https:\/\/www.gxfs.eu\/de\/wp-json\/wp\/v2\/pages\/1999\/revisions"}],"predecessor-version":[{"id":10559,"href":"https:\/\/www.gxfs.eu\/de\/wp-json\/wp\/v2\/pages\/1999\/revisions\/10559"}],"wp:attachment":[{"href":"https:\/\/www.gxfs.eu\/de\/wp-json\/wp\/v2\/media?parent=1999"}],"curies":[{"name":"wp","href":"https:\/\/api.w.org\/{rel}","templated":true}]}}