{"id":10120,"date":"2023-09-27T14:11:21","date_gmt":"2023-09-27T13:11:21","guid":{"rendered":"https:\/\/www.gxfs.eu\/?page_id=10120"},"modified":"2023-12-05T10:07:29","modified_gmt":"2023-12-05T09:07:29","slug":"spezifikationsphase-2","status":"publish","type":"page","link":"https:\/\/www.gxfs.eu\/de\/spezifikationsphase-2\/","title":{"rendered":"Spezifikationsphase 2"},"content":{"rendered":"\n<h3 class=\"wp-block-heading\"><strong>TRAIN<\/strong><\/h3>\n\n\n\n<p>Wir f\u00fchren eine neue Komponente in die XFSC Toolbox ein, die \u201eTrust Management Infrastructure\u201c (TRAIN). TRAIN unterst\u00fctzt den Aufbau und die Verifizierung der Vertrauensbasis (Root of Trust) f\u00fcr die Teilnehmenden des verteilten Gaia-X-\u00d6kosystems und die von diesen Entit\u00e4ten ausgestellten Credentials. TRAIN spielt somit eine zentrale Rolle beim Aufbau von Vertrauen innerhalb des Gaia-X-\u00d6kosystems, indem es eine flexible und interoperable Infrastruktur f\u00fcr Entit\u00e4ten bereitstellt, um Vertrauensbeziehungen aufzubauen und zu verwalten.<\/p>\n\n\n\n<p>Dies wird durch die Einf\u00fchrung von Vertrauenslisten in Kombination mit der Verankerung von Pointern im DNS erreicht. Gaia-X F\u00f6derationen und andere Entit\u00e4ten werden bei der souver\u00e4nen Ver\u00f6ffentlichung und Verwaltung von Vertrauenslisten f\u00fcr ihre spezifischen Trust-Frameworks unterst\u00fctzt. Verifizierende Entit\u00e4ten werden bei ihren souver\u00e4nen Vertrauensentscheidungen unterst\u00fctzt. Um dies zu erreichen, werden die folgenden Funktionalit\u00e4ten entwickelt:<\/p>\n\n\n\n<ul class=\"wp-block-list\">\n<li>Trust Framework Configuration<\/li>\n\n\n\n<li>Trust List Management<\/li>\n\n\n\n<li>Zone Manager Handler<\/li>\n\n\n\n<li>Trusted Content Resolver (Extended Universal Resolver) + Libraries<\/li>\n\n\n\n<li>DNS Zone Manager<\/li>\n<\/ul>\n\n\n\n<p>Bitte beachten, dass die Bibliotheken f\u00fcr verschiedene Programmiersprachen wie GO, Java, Python und JavaScript gedacht sind. Es ist auch beabsichtigt, die Bibliotheken als Hilfsmittel f\u00fcr die Verwendung des extended universal resolver zu erstellen, indem Schritte zur Inhaltsaufl\u00f6sung, Validierungsroutinen f\u00fcr VC und andere unterst\u00fctzende Funktionen hinzugef\u00fcgt werden.<\/p>\n\n\n\n<p>Weiterf\u00fchrende Informationen <a href=\"https:\/\/www.gxfs.eu\/download\/10499\" target=\"_blank\" rel=\"noreferrer noopener\">hier<\/a>.<\/p>\n\n\n\n<h3 class=\"wp-block-heading\"><strong>OCM Extension<\/strong><\/h3>\n\n\n\n<p>Der Zweck dieser Erweiterung ist es, \u00c4nderungen an den OCM-Komponenten vorzunehmen, um den OCM in seiner Funktionalit\u00e4t zu verbessern und die neuesten Gaia-X-Anforderungen zu \u00fcbernehmen (z.B. Unterst\u00fctzung der did:web-Methode und VC mit JsonWebKey2020&nbsp;<a href=\"https:\/\/docs.gaia-x.eu\/technical-committee\/identity-credential-access-management\/22.10\/credential_format\/\">https:\/\/docs.gaia-x.eu\/technical-committee\/identity-credential-access-management\/22.10\/credential_format\/<\/a>), was sichere Interaktionen innerhalb des Self-Sovereign Identity (SSI)-basierten \u00d6kosystems erm\u00f6glicht. Die Organization Credential Manager Extension 1 (OCM.E1) verbessert die Interaktion des<\/p>\n\n\n\n<p>Teilnehmenden mit dem SSI-basierten \u00d6kosystem in einer vertrauensvollen und sicheren Umgebung. Dies umfasst die Nutzung der digitalen Identit\u00e4t des Teilnehmers f\u00fcr verschiedene Funktionalit\u00e4ten:<\/p>\n\n\n\n<ul class=\"wp-block-list\">\n<li>Erweitertes Management von sicheren und vertrauensw\u00fcrdigen Verbindungen mit anderen Parteien (Verbindungen sind in diesem Zusammenhang private, gesicherte und dauerhafte Verbindungen zwischen Entit\u00e4ten)\n<ul class=\"wp-block-list\">\n<li>Blockierung von Verbindungen<\/li>\n\n\n\n<li>Handhabung von blockierten Verbindungen<\/li>\n<\/ul>\n<\/li>\n\n\n\n<li>Refreshing und Revocation von Verifiable Credentials von attestierenden Parteien (z.B. Gaia-X Membership credential von einem verifizierten Notar)<\/li>\n\n\n\n<li>Nutzung von AIP v2.0 neben AIP v1.0 durch Aktualisierung des AFJ Frameworks<\/li>\n\n\n\n<li>Bereitstellung eines verifiable Public Profile (Service-Endpunkte im OCM DID Dokument)\n<ul class=\"wp-block-list\">\n<li>Konfiguration von Private Custom Endpoints (mit DID-Auth\/OIDC)<\/li>\n\n\n\n<li>Konfiguration von Endpoint Mappings zu internen\/externen Funktionen<\/li>\n<\/ul>\n<\/li>\n<\/ul>\n\n\n\n<h3 class=\"wp-block-heading\"><strong>OCM W-Stack<\/strong><\/h3>\n\n\n\n<p>Der Zweck des OCM W-Stacks ist es, alle notwendigen Komponenten f\u00fcr die Erweiterung der Verwaltung der digitalen Identit\u00e4t eines Teilnehmenden im Gaia-X-Kontext bereitzustellen. Der OCM W-Stack verbessert die Interaktion des Teilnehmenden mit dem SSI-basierten \u00d6kosystem in einer vertrauensvollen und sicheren Weise. Dies umfasst die Nutzung der digitalen Identit\u00e4t des Teilnehmers f\u00fcr verschiedene Funktionalit\u00e4ten:<\/p>\n\n\n\n<ul class=\"wp-block-list\">\n<li>Implementierung einer vollst\u00e4ndigen W3C DID\/VC\/VP Unterst\u00fctzung f\u00fcr Credential Exchange and Trust<\/li>\n\n\n\n<li>Implementierung von OpenID-Standards\n<ul class=\"wp-block-list\">\n<li>OpenID4VC\/VP<\/li>\n\n\n\n<li>SIOP<\/li>\n\n\n\n<li>VC Issuance Protocol Extension<\/li>\n<\/ul>\n<\/li>\n\n\n\n<li>Aufbau von sicheren und vertrauensw\u00fcrdigen Verbindungen mit anderen Parteien<\/li>\n\n\n\n<li>Anforderung und Empfang von Verifiable Credentials von attestierenden Parteien (z.B. Gaia-X Membership Credential von einem verifizierten Notar) im JSON-LD Format<\/li>\n\n\n\n<li>Attestierung von Attributen zu Principals in Form von Verifiable Credentials (z.B. MitarbeiterInnen, techn. Assets)<\/li>\n\n\n\n<li>Validierung empfangener Verifiable Presentations von anderen Parteien (z.B. Validierung der Gaia-X-Mitgliedschaft anderer Teilnehmenden)<\/li>\n\n\n\n<li>Pflge des Verifiable Public Profile<\/li>\n\n\n\n<li>Skalierbare VC\/VP Speicherung<\/li>\n\n\n\n<li>Graph Indexing f\u00fcr Verkn\u00fcpfung von VC\/VP<\/li>\n<\/ul>\n\n\n\n<p>Wie der OCM legt auch der OCM W-Stack Wert auf W3C-Kompatibilit\u00e4t. Technologisch wird der OCM W-Stack jedoch eine Nicht-Indy-Implementierung sein, um von Hyperledger Indy unabh\u00e4ngig zu werden und die Interoperabilit\u00e4t zu maximieren.<\/p>\n\n\n\n<h3 class=\"wp-block-heading\"><strong>PCM Cloud<\/strong><\/h3>\n\n\n\n<p>Au\u00dferdem f\u00fchren wir ein PCM ein, das \u00fcber einen Webbrowser genutzt werden kann und somit eine Alternative zur bestehenden PCM-App darstellt. Der Zweck des PCM Cloud ist derselbe wie der der bestehenden PCM App \u2013 die Bereitstellung aller notwendigen Komponenten f\u00fcr die selbst\u00e4ndige Verwaltung der digitalen Identit\u00e4t eines Principals im Gaia-X-Kontext. Der PCM Cloud erm\u00f6glicht es einer nat\u00fcrlichen Person, als Principal einer Organisation innerhalb des SSI-basierten Gaia-X-\u00d6kosystems datenschutzkonform, vertrauensvoll und sicher \u00fcber einen Computerbrowser zu agieren. Er umfasst die folgenden Hauptfunktionalit\u00e4ten:<\/p>\n\n\n\n<ul class=\"wp-block-list\">\n<li>Remote Management einer Cloud Wallet oder mehrerer Wallets, die mit dem PCM Cloud verbunden sind<\/li>\n\n\n\n<li>Empfang und Verwaltung von Verifiable Credentials von anderen Parteien (z.B. ein Principal Credential von einem Gaia-X Teilnehmer) \u00fcber das Web-Frontend<\/li>\n\n\n\n<li>Automatisiertes oder manuelles Pr\u00e4sentieren von Verifiable Presentations f\u00fcr andere Parteien unter Verwendung von Plugins<\/li>\n\n\n\n<li>Sichere Speicherung und Verwaltung von jeweiligen Secrets<\/li>\n\n\n\n<li>Consent Management<\/li>\n\n\n\n<li>Policy-basierte Entscheidungen \u00fcber Issuing\/Presentations<\/li>\n\n\n\n<li>Plugin-System zur Erweiterung der \u201cHolder Capabilities\u201d<\/li>\n<\/ul>\n\n\n\n<p>Die PCM Cloud ist als Cloud-basierte Komponente konzipiert und bietet eine benutzerfreundliche Webschnittstelle f\u00fcr die Verwaltung von OCM, OCM W-Stack und TSA. Sie dient als Integrationsschicht, die verschiedene Anwendungsf\u00e4lle von \u201cHoldern\u201d erleichtert. Die PCM Cloud orchestriert diese Anwendungsf\u00e4lle durch Plugins, wie z. B. das \u201eID Card Proof Plugin\u201c, das Funktionen wie die automatische ID-Kartenpr\u00fcfung erm\u00f6glicht.<\/p>\n\n\n\n<h3 class=\"wp-block-heading\"><strong>PCM Extension<\/strong><\/h3>\n\n\n\n<p>Der Zweck dieses Produkts ist es, alle notwendigen Komponenten f\u00fcr die selbst\u00e4ndige Verwaltung der digitalen Identit\u00e4t eines Auftraggebers im Gaia-X-Kontext auf einem mobilen Endger\u00e4t bereitzustellen. Das PCM erm\u00f6glicht es einer nat\u00fcrlichen Person, innerhalb des SSI-basierten Gaia-X-\u00d6kosystems auf datenschutzfreundliche, vertrauensw\u00fcrdige und sichere Weise als Prinzipal einer Organisation zu agieren. Die Erweiterung umfasst die folgenden Hauptfunktionalit\u00e4ten:<\/p>\n\n\n\n<ul class=\"wp-block-list\">\n<li>AIP 2.0 Support<\/li>\n\n\n\n<li>Empfang und Verwaltung von Verifiable Credentials basierend auf dem aktuellen W3C Standard<\/li>\n\n\n\n<li>Pr\u00e4sentation von W3C and AIP 2.0 Verifiable Presentations f\u00fcr andere Parteien in \u00fcberpr\u00fcfter Weise<\/li>\n\n\n\n<li>Sichere Speicherung und Verwaltung von jeweiligen Secrets<\/li>\n\n\n\n<li>Remote Management der PCM Cloud<\/li>\n\n\n\n<li>Unterst\u00fctzung der PCM Cloud Funktionalit\u00e4t<\/li>\n\n\n\n<li>Erweiterung in QR Code Support Reading und Presentation<\/li>\n<\/ul>\n\n\n\n<p>Dar\u00fcber hinaus umfasst der Leistungsumfang die Bereitstellung der entwickelten Software in einem f\u00fcr den Endnutzer nutzbaren Format unter Einbeziehung der jeweiligen Verbreitungskan\u00e4le (z.B. App Stores).<\/p>\n\n\n\n<h3 class=\"wp-block-heading\"><strong>TSA Extension<\/strong><\/h3>\n\n\n\n<p>Das Ziel der Trust Services API Extension ist es, ein einheitliches Vertrauensniveau zwischen Gaia-X-Teilnehmenden und Komponenten zu gew\u00e4hrleisten. Die Trust Services API kann von allen anderen XFSC-Komponenten genutzt werden. Die Erstellung und Validierung von digitalen Signaturen spielen dabei eine besonders wichtige Rolle. Der Umfang umfasst das Signieren und Verifizieren notwendiger Daten, das Erm\u00f6glichen von policy-gesteuertem Vertrauen, das Sicherstellen von Vertrauensketten zwischen Teilnehmenden und das Validieren von eIDAS-konformen Signaturen.<\/p>\n\n\n\n<p>Der Umfang umfasst auch die notwendigen Werkzeuge (z. B. Command Line Scripts) f\u00fcr den Betrieb und die Wartung der erstellten Softwarekomponenten in einer Enterprise-Umgebung mit Schwerpunkt auf High-Availability, Security sowie Monitoring und Logging auf der Basis g\u00e4ngiger Standards.<\/p>\n\n\n\n<p>The wichtigsten Aktualisierungen\/Erweiterungen sind:<\/p>\n\n\n\n<ul class=\"wp-block-list\">\n<li>Erweitertes Policy Management<\/li>\n\n\n\n<li>Komponente wird \u201ebenutzbarer\u201c gemacht f\u00fcrs Deployment<\/li>\n\n\n\n<li>Signaturdienste werden f\u00fcr eIDAS compliant Signaturen und Verifikationen ausgelegt<\/li>\n\n\n\n<li>TSA erh\u00e4lt ein Integrationsinterface \u00fcber Cloud Events und Web Hooks<\/li>\n\n\n\n<li>Konfigurierbarkeit wird erweitert<\/li>\n\n\n\n<li>JSON Schema Validation wird hinzugef\u00fcgt<\/li>\n<\/ul>\n\n\n\n<h3 class=\"wp-block-heading\"><strong>NOT Extension<\/strong><\/h3>\n\n\n\n<p>Die bestehende Komponente \u201cNotarization API wird um folgende neue Funktionen erweitert:<\/p>\n\n\n\n<ul class=\"wp-block-list\">\n<li>\u201cProtocol agnostic issuances\u201d in Abh\u00e4ngigkeit von der eingehenden DID und Formatdefinitionen<\/li>\n\n\n\n<li>Neue Ausstellungs- und Verifizierungsprotokolle<\/li>\n\n\n\n<li>Business validation flow f\u00fcr den Notar\/Beglaubiger<\/li>\n\n\n\n<li>Dokumentation f\u00fcr die Verwendung der NOT API als Compliance-Dienst f\u00fcr Mitgliedschaften<\/li>\n\n\n\n<li>Dynamische Schemakonfiguration<\/li>\n\n\n\n<li>Eintragung der Organisation in bestimmte Vertrauenslisten&nbsp;<\/li>\n\n\n\n<li>Vertrauens\u00fcberpr\u00fcfung mit dem TRAIN-Modul vor dem Ausstellungsprozess<\/li>\n\n\n\n<li>Automatische Notarization Verification<\/li>\n<\/ul>\n\n\n\n<p>Die Erweiterung wird auch Schnittstellen (API\u2019s) enthalten, um die Notarization-Komponente reibungslos in externe Software f\u00fcr die Nutzung durch Nicht-IT-Betreiber (z.B. Anw\u00e4lte, Notare, Beh\u00f6rden, Zertifizierer \u2026) zu integrieren.<\/p>\n\n\n\n<p><\/p>\n","protected":false},"excerpt":{"rendered":"<p>TRAIN Wir f\u00fchren eine neue Komponente in die XFSC Toolbox ein, die \u201eTrust Management Infrastructure\u201c (TRAIN). TRAIN unterst\u00fctzt den Aufbau und die Verifizierung der Vertrauensbasis (Root of Trust) f\u00fcr die Teilnehmenden des verteilten Gaia-X-\u00d6kosystems und die von diesen Entit\u00e4ten ausgestellten Credentials. TRAIN spielt somit eine zentrale Rolle beim Aufbau von&#8230;<a class=\"gxfs-loop-button\" href=\"https:\/\/www.gxfs.eu\/de\/spezifikationsphase-2\/\">Weiterlesen<\/a><\/p>\n","protected":false},"author":4,"featured_media":0,"parent":0,"menu_order":0,"comment_status":"closed","ping_status":"closed","template":"","meta":{"inline_featured_image":false,"footnotes":""},"class_list":["post-10120","page","type-page","status-publish","hentry"],"yoast_head":"<!-- This site is optimized with the Yoast SEO plugin v27.3 - https:\/\/yoast.com\/product\/yoast-seo-wordpress\/ -->\n<title>Spezifikationsphase 2 - GXFS.eu<\/title>\n<meta name=\"robots\" content=\"index, follow, max-snippet:-1, max-image-preview:large, max-video-preview:-1\" \/>\n<link rel=\"canonical\" href=\"https:\/\/www.gxfs.eu\/de\/spezifikationsphase-2\/\" \/>\n<meta property=\"og:locale\" content=\"de_DE\" \/>\n<meta property=\"og:type\" content=\"article\" \/>\n<meta property=\"og:title\" content=\"Spezifikationsphase 2 - GXFS.eu\" \/>\n<meta property=\"og:description\" content=\"TRAIN Wir f\u00fchren eine neue Komponente in die XFSC Toolbox ein, die \u201eTrust Management Infrastructure\u201c (TRAIN). TRAIN unterst\u00fctzt den Aufbau und die Verifizierung der Vertrauensbasis (Root of Trust) f\u00fcr die Teilnehmenden des verteilten Gaia-X-\u00d6kosystems und die von diesen Entit\u00e4ten ausgestellten Credentials. TRAIN spielt somit eine zentrale Rolle beim Aufbau von...Weiterlesen\" \/>\n<meta property=\"og:url\" content=\"https:\/\/www.gxfs.eu\/de\/spezifikationsphase-2\/\" \/>\n<meta property=\"og:site_name\" content=\"GXFS.eu\" \/>\n<meta property=\"article:modified_time\" content=\"2023-12-05T09:07:29+00:00\" \/>\n<meta name=\"twitter:card\" content=\"summary_large_image\" \/>\n<meta name=\"twitter:label1\" content=\"Gesch\u00e4tzte Lesezeit\" \/>\n\t<meta name=\"twitter:data1\" content=\"5\u00a0Minuten\" \/>\n<script type=\"application\/ld+json\" class=\"yoast-schema-graph\">{\"@context\":\"https:\\\/\\\/schema.org\",\"@graph\":[{\"@type\":\"WebPage\",\"@id\":\"https:\\\/\\\/www.gxfs.eu\\\/de\\\/spezifikationsphase-2\\\/\",\"url\":\"https:\\\/\\\/www.gxfs.eu\\\/de\\\/spezifikationsphase-2\\\/\",\"name\":\"Spezifikationsphase 2 - GXFS.eu\",\"isPartOf\":{\"@id\":\"https:\\\/\\\/www.gxfs.eu\\\/#website\"},\"datePublished\":\"2023-09-27T13:11:21+00:00\",\"dateModified\":\"2023-12-05T09:07:29+00:00\",\"breadcrumb\":{\"@id\":\"https:\\\/\\\/www.gxfs.eu\\\/de\\\/spezifikationsphase-2\\\/#breadcrumb\"},\"inLanguage\":\"de\",\"potentialAction\":[{\"@type\":\"ReadAction\",\"target\":[\"https:\\\/\\\/www.gxfs.eu\\\/de\\\/spezifikationsphase-2\\\/\"]}]},{\"@type\":\"BreadcrumbList\",\"@id\":\"https:\\\/\\\/www.gxfs.eu\\\/de\\\/spezifikationsphase-2\\\/#breadcrumb\",\"itemListElement\":[{\"@type\":\"ListItem\",\"position\":1,\"name\":\"Home\",\"item\":\"https:\\\/\\\/www.gxfs.eu\\\/de\\\/\"},{\"@type\":\"ListItem\",\"position\":2,\"name\":\"Spezifikationsphase 2\"}]},{\"@type\":\"WebSite\",\"@id\":\"https:\\\/\\\/www.gxfs.eu\\\/#website\",\"url\":\"https:\\\/\\\/www.gxfs.eu\\\/\",\"name\":\"GXFS.eu\",\"description\":\"Gaia-X Federation Services\",\"publisher\":{\"@id\":\"https:\\\/\\\/www.gxfs.eu\\\/#organization\"},\"potentialAction\":[{\"@type\":\"SearchAction\",\"target\":{\"@type\":\"EntryPoint\",\"urlTemplate\":\"https:\\\/\\\/www.gxfs.eu\\\/?s={search_term_string}\"},\"query-input\":{\"@type\":\"PropertyValueSpecification\",\"valueRequired\":true,\"valueName\":\"search_term_string\"}}],\"inLanguage\":\"de\"},{\"@type\":\"Organization\",\"@id\":\"https:\\\/\\\/www.gxfs.eu\\\/#organization\",\"name\":\"GXFS.eu\",\"url\":\"https:\\\/\\\/www.gxfs.eu\\\/\",\"logo\":{\"@type\":\"ImageObject\",\"inLanguage\":\"de\",\"@id\":\"https:\\\/\\\/www.gxfs.eu\\\/#\\\/schema\\\/logo\\\/image\\\/\",\"url\":\"https:\\\/\\\/www.gxfs.eu\\\/wp-content\\\/uploads\\\/2022\\\/01\\\/GFXS_DE_Logo.jpg\",\"contentUrl\":\"https:\\\/\\\/www.gxfs.eu\\\/wp-content\\\/uploads\\\/2022\\\/01\\\/GFXS_DE_Logo.jpg\",\"width\":700,\"height\":309,\"caption\":\"GXFS.eu\"},\"image\":{\"@id\":\"https:\\\/\\\/www.gxfs.eu\\\/#\\\/schema\\\/logo\\\/image\\\/\"}}]}<\/script>\n<!-- \/ Yoast SEO plugin. -->","yoast_head_json":{"title":"Spezifikationsphase 2 - GXFS.eu","robots":{"index":"index","follow":"follow","max-snippet":"max-snippet:-1","max-image-preview":"max-image-preview:large","max-video-preview":"max-video-preview:-1"},"canonical":"https:\/\/www.gxfs.eu\/de\/spezifikationsphase-2\/","og_locale":"de_DE","og_type":"article","og_title":"Spezifikationsphase 2 - GXFS.eu","og_description":"TRAIN Wir f\u00fchren eine neue Komponente in die XFSC Toolbox ein, die \u201eTrust Management Infrastructure\u201c (TRAIN). TRAIN unterst\u00fctzt den Aufbau und die Verifizierung der Vertrauensbasis (Root of Trust) f\u00fcr die Teilnehmenden des verteilten Gaia-X-\u00d6kosystems und die von diesen Entit\u00e4ten ausgestellten Credentials. TRAIN spielt somit eine zentrale Rolle beim Aufbau von...Weiterlesen","og_url":"https:\/\/www.gxfs.eu\/de\/spezifikationsphase-2\/","og_site_name":"GXFS.eu","article_modified_time":"2023-12-05T09:07:29+00:00","twitter_card":"summary_large_image","twitter_misc":{"Gesch\u00e4tzte Lesezeit":"5\u00a0Minuten"},"schema":{"@context":"https:\/\/schema.org","@graph":[{"@type":"WebPage","@id":"https:\/\/www.gxfs.eu\/de\/spezifikationsphase-2\/","url":"https:\/\/www.gxfs.eu\/de\/spezifikationsphase-2\/","name":"Spezifikationsphase 2 - GXFS.eu","isPartOf":{"@id":"https:\/\/www.gxfs.eu\/#website"},"datePublished":"2023-09-27T13:11:21+00:00","dateModified":"2023-12-05T09:07:29+00:00","breadcrumb":{"@id":"https:\/\/www.gxfs.eu\/de\/spezifikationsphase-2\/#breadcrumb"},"inLanguage":"de","potentialAction":[{"@type":"ReadAction","target":["https:\/\/www.gxfs.eu\/de\/spezifikationsphase-2\/"]}]},{"@type":"BreadcrumbList","@id":"https:\/\/www.gxfs.eu\/de\/spezifikationsphase-2\/#breadcrumb","itemListElement":[{"@type":"ListItem","position":1,"name":"Home","item":"https:\/\/www.gxfs.eu\/de\/"},{"@type":"ListItem","position":2,"name":"Spezifikationsphase 2"}]},{"@type":"WebSite","@id":"https:\/\/www.gxfs.eu\/#website","url":"https:\/\/www.gxfs.eu\/","name":"GXFS.eu","description":"Gaia-X Federation Services","publisher":{"@id":"https:\/\/www.gxfs.eu\/#organization"},"potentialAction":[{"@type":"SearchAction","target":{"@type":"EntryPoint","urlTemplate":"https:\/\/www.gxfs.eu\/?s={search_term_string}"},"query-input":{"@type":"PropertyValueSpecification","valueRequired":true,"valueName":"search_term_string"}}],"inLanguage":"de"},{"@type":"Organization","@id":"https:\/\/www.gxfs.eu\/#organization","name":"GXFS.eu","url":"https:\/\/www.gxfs.eu\/","logo":{"@type":"ImageObject","inLanguage":"de","@id":"https:\/\/www.gxfs.eu\/#\/schema\/logo\/image\/","url":"https:\/\/www.gxfs.eu\/wp-content\/uploads\/2022\/01\/GFXS_DE_Logo.jpg","contentUrl":"https:\/\/www.gxfs.eu\/wp-content\/uploads\/2022\/01\/GFXS_DE_Logo.jpg","width":700,"height":309,"caption":"GXFS.eu"},"image":{"@id":"https:\/\/www.gxfs.eu\/#\/schema\/logo\/image\/"}}]}},"_links":{"self":[{"href":"https:\/\/www.gxfs.eu\/de\/wp-json\/wp\/v2\/pages\/10120","targetHints":{"allow":["GET"]}}],"collection":[{"href":"https:\/\/www.gxfs.eu\/de\/wp-json\/wp\/v2\/pages"}],"about":[{"href":"https:\/\/www.gxfs.eu\/de\/wp-json\/wp\/v2\/types\/page"}],"author":[{"embeddable":true,"href":"https:\/\/www.gxfs.eu\/de\/wp-json\/wp\/v2\/users\/4"}],"replies":[{"embeddable":true,"href":"https:\/\/www.gxfs.eu\/de\/wp-json\/wp\/v2\/comments?post=10120"}],"version-history":[{"count":2,"href":"https:\/\/www.gxfs.eu\/de\/wp-json\/wp\/v2\/pages\/10120\/revisions"}],"predecessor-version":[{"id":10503,"href":"https:\/\/www.gxfs.eu\/de\/wp-json\/wp\/v2\/pages\/10120\/revisions\/10503"}],"wp:attachment":[{"href":"https:\/\/www.gxfs.eu\/de\/wp-json\/wp\/v2\/media?parent=10120"}],"curies":[{"name":"wp","href":"https:\/\/api.w.org\/{rel}","templated":true}]}}